  {"id":10283,"date":"2019-09-11T11:59:36","date_gmt":"2019-09-11T09:59:36","guid":{"rendered":"https:\/\/whatthefrance.org\/?page_id=10283"},"modified":"2019-09-11T12:53:44","modified_gmt":"2019-09-11T10:53:44","slug":"cookies","status":"publish","type":"page","link":"https:\/\/whatthefrance.org\/es\/cookies\/","title":{"rendered":"Cookies"},"content":{"rendered":"<h2>\u00bfQu\u00e9 son las cookies?<\/h2>\n<p>Las cookies (u otros rastreadores similares) son archivos depositados y almacenados en el disco duro de su dispositivo (computadora, tableta, tel\u00e9fono m\u00f3vil o cualquier otro dispositivo optimizado para Internet), a trav\u00e9s de su navegador, especialmente cuando consulta un servicio o un contenido en l\u00ednea. El archivo cookie solo puede ser le\u00eddo por su emisor. Permite a su emisor, durante su per\u00edodo de validez, que no puede exceder los 13 meses, reconocer su dispositivo cada vez que accede a este servicio o este contenido digital. La cookie no lo identifica personalmente, solo el navegador de su dispositivo. La cookie permite proporcionar informaci\u00f3n sobre su navegaci\u00f3n para que su terminal pueda ser reconocida m\u00e1s tarde.<\/p>\n<p>La instalaci\u00f3n de ciertas cookies est\u00e1 sujeta a su consentimiento. Durante su visita a la p\u00e1gina web, aparece un banner informativo que indica que al continuar su navegaci\u00f3n sobre la p\u00e1gina web, las cookies instaladas se instalar\u00e1n en su dispositivo. Sin embargo, si acepta, puede volver a su elecci\u00f3n en cualquier momento siguiendo los t\u00e9rminos indicados en el p\u00e1rrafo \u00ab\u00bfC\u00f3mo administrar las cookies? \u00bb aqu\u00ed debajo.<\/p>\n<h2>\u00bfC\u00f3mo usamos las cookies?<\/h2>\n<p>De este modo, se pueden registrar tres tipos de cookies, que responden a los prop\u00f3sitos que se describen a continuaci\u00f3n, en su terminal con ocasi\u00f3n de una visita a nuestra p\u00e1gina web:<\/p>\n<ol>\n<li><strong>Las cookies t\u00e9cnicas son emitidas por nosotros y son necesarias para navegar por nuestro sitio, as\u00ed como para acceder a varios productos y servicios en l\u00ednea.<\/strong><\/li>\n<\/ol>\n<p>Las cookies t\u00e9cnicas permiten en particular identificarlo, indicar su paso en esta o aquella p\u00e1gina y as\u00ed mejorar su comodidad de navegaci\u00f3n: adaptar la presentaci\u00f3n del sitio a las preferencias de visualizaci\u00f3n de su terminal (idioma utilizado, resoluci\u00f3n de publicaci\u00f3n, etc.), almacenar contrase\u00f1as y otra informaci\u00f3n sobre un formulario que haya completado en la p\u00e1gina web (suscripci\u00f3n al bolet\u00edn o acceso al \u00c1rea de miembros). Las cookies t\u00e9cnicas tambi\u00e9n se pueden utilizar para implementar medidas de seguridad (este es el caso, por ejemplo, cuando se le solicita que vuelva a iniciar sesi\u00f3n en el \u00e1rea del suscriptor despu\u00e9s de un cierto per\u00edodo de tiempo).<\/p>\n<p>Estas cookies t\u00e9cnicas no se pueden desactivar ni poner en riesgo de no poder acceder al sitio y \/ o los diferentes productos y servicios de la p\u00e1gina web.<\/p>\n<p><strong>2. Las cookies de medici\u00f3n de audiencia son emitidas por nosotros o por nuestros proveedores de servicios t\u00e9cnicos externos, con el fin de medir la audiencia de los diferentes contenidos y secciones de nuestra p\u00e1gina web, con el fin de evaluarlos y organizarlos mejor. Estas cookies tambi\u00e9n hacen posible, si es necesario, detectar problemas de navegaci\u00f3n y, en consecuencia, mejorar la ergonom\u00eda de nuestros servicios.<\/strong><\/p>\n<p>La p\u00e1gina web de What The France utiliza, para estos fines, Google Analytics, un servicio de an\u00e1lisis web proporcionado por Google, Inc. Estas cookies solo producen estad\u00edsticas an\u00f3nimas y vol\u00famenes de tr\u00e1fico, con exclusi\u00f3n de cualquier informaci\u00f3n. individual, y est\u00e1n destinados a permitirnos conocer mejor nuestro sitio y mejorar nuestros servicios, mediante el establecimiento de estad\u00edsticas y vol\u00famenes de tr\u00e1fico y uso (secciones y contenidos visitados, rutas, etc.). Las Condiciones del servicio de Google Analytics especifican que Google no vincula la direcci\u00f3n IP del sujeto de datos con otros datos en poder de Google. La vida \u00fatil de estas cookies que mide la audiencia no supera los 13 meses.<\/p>\n<p>Puede rechazar el uso de cookies de Google Analytics descargando e instalando el complemento del navegador para la desactivaci\u00f3n de Google Analytics.<\/p>\n<p>Complemento de exclusi\u00f3n voluntaria del navegador Google Analytics<\/p>\n<p><a href=\"https:\/\/tools.google.com\/dlpage\/gaoptout?hl=fr\">Google Analytics Opt-out Browser Add-on<\/a><\/p>\n<ol start=\"3\">\n<li><strong>Las cookies de seguimiento de \u00abRedes sociales\u00bb generadas por los botones para compartir en redes sociales son emitidas por las redes sociales para permitirle compartir contenido de nuestro sitio con otras personas o dar a conocer a otras personas. su consulta o su opini\u00f3n sobre un contenido de la p\u00e1gina web.<\/strong><\/li>\n<\/ol>\n<p>Este es particularmente el caso de los botones \u00abcompartir\u00bb, \u00abMe gusta\u00bb, de las redes sociales \u00abFacebook\u00bb o \u00abTwitter\u00bb. Es probable que la red social que proporciona dicho bot\u00f3n de aplicaci\u00f3n lo identifique con este bot\u00f3n, incluso si no lo ha utilizado durante la consulta de nuestra p\u00e1gina web. Le invitamos a consultar las pol\u00edticas de privacidad de estas redes sociales para conocer el prop\u00f3sito del uso, incluida la publicidad, la informaci\u00f3n de navegaci\u00f3n que pueden recopilar a trav\u00e9s de estos botones de aplicaci\u00f3n. La vida \u00fatil de estas cookies \u00abRedes sociales\u00bb no supera los 13 meses. Las cookies colocadas en las redes sociales son de su exclusiva responsabilidad.<\/p>\n<h2>\u00bfC\u00f3mo gestionar las cookies?<\/h2>\n<p>Las cookies t\u00e9cnicas son estrictamente necesarias para el funcionamiento de la p\u00e1gina web y, como se indic\u00f3 anteriormente, su desactivaci\u00f3n impedir\u00eda el funcionamiento del sitio. Estas cookies t\u00e9cnicas no se pueden desactivar ni poner en riesgo de no poder acceder al sitio y \/ o los diferentes productos y servicios de la p\u00e1gina web. Por lo tanto, est\u00e1n exentos de la obligaci\u00f3n de obtener el consentimiento previo del usuario.<\/p>\n<p>Con respecto a las cookies de medici\u00f3n de audiencia y las cookies de redes sociales, usted acepta su uso mediante el uso de nuestro sitio web, sin embargo, puede elegir en cualquier momento desactivar todas o parte de las cookies de medici\u00f3n de audiencia. o cookies de redes sociales. Puede eliminar todas las cookies ya registradas en su computadora. Tambi\u00e9n se puede configurar su navegador para que le notifique las cookies que est\u00e1n almacenadas en su dispositivo y le pida que las acepte o no.<\/p>\n<p>Si decide borrar sus cookies, tenga en cuenta que se perder\u00e1n las preferencias que haya establecido. Adem\u00e1s, si bloquea todas las cookies, muchas p\u00e1ginas web (incluido el nuestro) ya no funcionar\u00e1n correctamente.<\/p>\n<ol>\n<li><strong>Rechace una cookie a trav\u00e9s de su navegador<\/strong><\/li>\n<\/ol>\n<p>En cualquier momento puede optar por configurar su navegador para que las cookies se guarden en su dispositivo (habilitar) o, por el contrario, se rechacen (excluir). Su navegador tambi\u00e9n se puede configurar para que le notifique las cookies en su dispositivo y le pida que las acepte o no (en un caso por caso, sitio por sitio o en su totalidad). Sin embargo, le recordamos que la desactivaci\u00f3n de todas las cookies le impedir\u00e1 utilizar nuestro sitio en condiciones normales, con la excepci\u00f3n de las funciones b\u00e1sicas.<\/p>\n<p>Si est\u00e1 utilizando el navegador Explorer: haga clic en el bot\u00f3n Herramientas y luego en Opciones de Internet. En la pesta\u00f1a General, Historial de navegaci\u00f3n, haga clic en Configuraci\u00f3n. Luego haga clic en Ver archivos y selecci\u00f3nelo o Cookies que desea deshabilitar. Luego cierre la ventana que contiene esta lista de Cookies y haga clic en Aceptar dos veces para volver a Internet.<\/p>\n<p>Si est\u00e1 utilizando el navegador Firefox: haga clic en el icono del men\u00fa de Firefox, luego en el bot\u00f3n Herramientas y luego en Opciones; En la ventana que aparece, elija Privacidad y haga clic en Eliminar cookies espec\u00edficas. Seleccione las cookies que desea deshabilitar y elim\u00ednelas.<\/p>\n<p>Si est\u00e1 utilizando el navegador Safari: haga clic en el bot\u00f3n Configuraci\u00f3n y luego en Preferencias. En la ventana que aparece, elija Privacidad \/ Seguridad y haga clic en Ver cookies. Seleccione las cookies que desea deshabilitar y luego haga clic en Eliminar o Eliminar todo.<\/p>\n<p>Si est\u00e1 utilizando el navegador Chrome: haga clic en el \u00edcono del men\u00fa de Chrome y luego en Configuraci\u00f3n. En la parte inferior de la p\u00e1gina, haga clic en Mostrar configuraci\u00f3n avanzada. En la secci\u00f3n Privacidad, haga clic en Configuraci\u00f3n de contenido. Para deshabilitar las cookies:<\/p>\n<ul>\n<li>seleccione Prohibir que todos los sitios almacenen datos<\/li>\n<li>Haga clic en Cookies y Datos del sitio, luego desplace el cursor sobre el sitio que cre\u00f3 la Cookie y haga clic en X en la esquina derecha, o haga clic en Eliminar todo.<\/li>\n<\/ul>\n<p><strong>2. Rechace una cookie de audiencia<\/strong><\/p>\n<p>En nuestro sitio, las cookies de audiencia son depositadas por Google Analytics, un servicio de an\u00e1lisis de la Web provisto por Google, Inc. Si no desea que nuestra p\u00e1gina web guarde cookies en su navegador con el fin de medir la audiencia Puede optar por no usar las cookies de Google Analytics descargando e instalando el complemento del navegador para optar por la exclusi\u00f3n de Google Analytics.<\/p>\n<p>Complemento de exclusi\u00f3n voluntaria del navegador Google Analytics<\/p>\n<p><a href=\"https:\/\/tools.google.com\/dlpage\/gaoptout?hl=fr\">Google Analytics Opt-out Browser Add-on<\/a><\/p>\n<p>Tenga cuidado, estas cookies miden el tr\u00e1fico o la audiencia asociada con nuestra p\u00e1gina web, las p\u00e1ginas visitadas y las interacciones realizadas en nuestro sitio durante su visita. Deshabilitarlos evita cualquier recopilaci\u00f3n de informaci\u00f3n sobre su navegaci\u00f3n en nuestra p\u00e1gina web y, por lo tanto, la propuesta de contenido editorial adaptado a su navegaci\u00f3n.<\/p>\n<p><strong>3. Rechace una cookie emitida por una red social<\/strong><\/p>\n<p>Si no desea que nuestra p\u00e1gina web guarde cookies en su navegador para este prop\u00f3sito, puede hacer clic en los siguientes enlaces de desactivaci\u00f3n que almacenar\u00e1n una cookie en su navegador que solo inhabilitar\u00e1 el uso de otras cookies del navegador de la red social bloqueada. Deshabilitar estas cookies evitar\u00e1 cualquier interacci\u00f3n con las redes sociales en cuesti\u00f3n:<\/p>\n<ul>\n<li>FACEBOOK: https:\/\/www.facebook.com\/policies\/cookies\/<\/li>\n<li>TWITTER: https:\/\/support.twitter.com\/articles\/20171379-twitter-provides-support-the-deactivation-of-suivi-dnt#<\/li>\n<li>GOOGLE +: https:\/\/support.google.com\/accounts\/answer\/61416?hl=en<\/li>\n<li>LINKEDIN: http:\/\/www.linkedin.com\/legal\/cookie-policy<\/li>\n<li>YAHOO: https:\/\/info.yahoo.com\/privacy\/us\/yahoo\/cookies\/<\/li>\n<li>YOUTUBE: https:\/\/support.google.com\/accounts\/answer\/61416?hl=en<\/li>\n<\/ul>\n<p>Atenci\u00f3n, tener en cuenta sus diferentes deseos se basa en una cookie o varias cookies determinadas. Si elimina todas las cookies almacenadas en su dispositivo para nuestro sitio, ya no sabremos qu\u00e9 consentimiento o rechazo ha emitido. Ser\u00e1 como restablecer su consentimiento y tendr\u00e1 que rechazar las cookies que no desea conservar. Del mismo modo, si usa otro navegador de Internet, tendr\u00e1 que rechazar estas cookies nuevamente porque sus elecciones, como las cookies a las que se refieren, dependen del navegador y el terminal (computadora, tableta, tel\u00e9fono inteligente, etc.) que usa para consultar nuestra p\u00e1gina web.<\/p>\n<p><a href=\"https:\/\/www.cnil.fr\/fr\/cookies-traceurs-que-dit-la-loi\" target=\"_blank\" rel=\"noopener noreferrer\">Para<\/a><a href=\"https:\/\/www.cnil.fr\/fr\/cookies-traceurs-que-dit-la-loi\" target=\"_blank\" rel=\"noopener noreferrer\"><u>mas informaci\u00f3n<\/u><\/a><\/p>\n","protected":false},"excerpt":{"rendered":"<p>\u00bfQu\u00e9 son las cookies? Las cookies (u otros rastreadores similares) son archivos depositados y almacenados en el disco duro de su dispositivo (computadora, tableta, tel\u00e9fono m\u00f3vil o cualquier otro dispositivo optimizado para Internet), a trav\u00e9s de su navegador, especialmente cuando consulta un servicio o un contenido en l\u00ednea. El archivo cookie solo puede ser le\u00eddo [&hellip;]<\/p>\n","protected":false},"author":6,"featured_media":0,"parent":0,"menu_order":0,"comment_status":"closed","ping_status":"closed","template":"","meta":{"_acf_changed":false,"footnotes":""},"class_list":["post-10283","page","type-page","status-publish","hentry"],"acf":[],"yoast_head":"<!-- This site is optimized with the Yoast SEO plugin v27.5 - https:\/\/yoast.com\/product\/yoast-seo-wordpress\/ -->\n<title>Cookies - What the France<\/title>\n<meta name=\"robots\" content=\"index, follow, max-snippet:-1, max-image-preview:large, max-video-preview:-1\" \/>\n<link rel=\"canonical\" href=\"https:\/\/whatthefrance.org\/es\/cookies\/\" \/>\n<meta property=\"og:locale\" content=\"es_ES\" \/>\n<meta property=\"og:type\" content=\"article\" \/>\n<meta property=\"og:title\" content=\"Cookies - What the France\" \/>\n<meta property=\"og:description\" content=\"\u00bfQu\u00e9 son las cookies? Las cookies (u otros rastreadores similares) son archivos depositados y almacenados en el disco duro de su dispositivo (computadora, tableta, tel\u00e9fono m\u00f3vil o cualquier otro dispositivo optimizado para Internet), a trav\u00e9s de su navegador, especialmente cuando consulta un servicio o un contenido en l\u00ednea. El archivo cookie solo puede ser le\u00eddo [&hellip;]\" \/>\n<meta property=\"og:url\" content=\"https:\/\/whatthefrance.org\/es\/cookies\/\" \/>\n<meta property=\"og:site_name\" content=\"What the France\" \/>\n<meta property=\"article:modified_time\" content=\"2019-09-11T10:53:44+00:00\" \/>\n<meta property=\"og:image\" content=\"https:\/\/whatthefrance.org\/wp-content\/uploads\/2018\/10\/192-1.png\" \/>\n\t<meta property=\"og:image:width\" content=\"192\" \/>\n\t<meta property=\"og:image:height\" content=\"192\" \/>\n\t<meta property=\"og:image:type\" content=\"image\/png\" \/>\n<meta name=\"twitter:card\" content=\"summary_large_image\" \/>\n<meta name=\"twitter:label1\" content=\"Tiempo de lectura\" \/>\n\t<meta name=\"twitter:data1\" content=\"9 minutos\" \/>\n<script type=\"application\/ld+json\" class=\"yoast-schema-graph\">{\"@context\":\"https:\\\/\\\/schema.org\",\"@graph\":[{\"@type\":\"WebPage\",\"@id\":\"https:\\\/\\\/whatthefrance.org\\\/es\\\/cookies\\\/\",\"url\":\"https:\\\/\\\/whatthefrance.org\\\/es\\\/cookies\\\/\",\"name\":\"Cookies - What the France\",\"isPartOf\":{\"@id\":\"https:\\\/\\\/whatthefrance.org\\\/es\\\/#website\"},\"datePublished\":\"2019-09-11T09:59:36+00:00\",\"dateModified\":\"2019-09-11T10:53:44+00:00\",\"breadcrumb\":{\"@id\":\"https:\\\/\\\/whatthefrance.org\\\/es\\\/cookies\\\/#breadcrumb\"},\"inLanguage\":\"es\",\"potentialAction\":[{\"@type\":\"ReadAction\",\"target\":[\"https:\\\/\\\/whatthefrance.org\\\/es\\\/cookies\\\/\"]}]},{\"@type\":\"BreadcrumbList\",\"@id\":\"https:\\\/\\\/whatthefrance.org\\\/es\\\/cookies\\\/#breadcrumb\",\"itemListElement\":[{\"@type\":\"ListItem\",\"position\":1,\"name\":\"Home\",\"item\":\"https:\\\/\\\/whatthefrance.org\\\/es\\\/\"},{\"@type\":\"ListItem\",\"position\":2,\"name\":\"Cookies\"}]},{\"@type\":\"WebSite\",\"@id\":\"https:\\\/\\\/whatthefrance.org\\\/es\\\/#website\",\"url\":\"https:\\\/\\\/whatthefrance.org\\\/es\\\/\",\"name\":\"What the France\",\"description\":\"The finest music made in France !\",\"publisher\":{\"@id\":\"https:\\\/\\\/whatthefrance.org\\\/es\\\/#organization\"},\"potentialAction\":[{\"@type\":\"SearchAction\",\"target\":{\"@type\":\"EntryPoint\",\"urlTemplate\":\"https:\\\/\\\/whatthefrance.org\\\/es\\\/?s={search_term_string}\"},\"query-input\":{\"@type\":\"PropertyValueSpecification\",\"valueRequired\":true,\"valueName\":\"search_term_string\"}}],\"inLanguage\":\"es\"},{\"@type\":\"Organization\",\"@id\":\"https:\\\/\\\/whatthefrance.org\\\/es\\\/#organization\",\"name\":\"What The France\",\"url\":\"https:\\\/\\\/whatthefrance.org\\\/es\\\/\",\"logo\":{\"@type\":\"ImageObject\",\"inLanguage\":\"es\",\"@id\":\"https:\\\/\\\/whatthefrance.org\\\/es\\\/#\\\/schema\\\/logo\\\/image\\\/\",\"url\":\"https:\\\/\\\/whatthefrance.org\\\/wp-content\\\/uploads\\\/2019\\\/12\\\/44688719_2251580388408837_694180218134331392_n-e1577679609190.png\",\"contentUrl\":\"https:\\\/\\\/whatthefrance.org\\\/wp-content\\\/uploads\\\/2019\\\/12\\\/44688719_2251580388408837_694180218134331392_n-e1577679609190.png\",\"width\":200,\"height\":200,\"caption\":\"What The France\"},\"image\":{\"@id\":\"https:\\\/\\\/whatthefrance.org\\\/es\\\/#\\\/schema\\\/logo\\\/image\\\/\"}}]}<\/script>\n<!-- \/ Yoast SEO plugin. -->","yoast_head_json":{"title":"Cookies - What the France","robots":{"index":"index","follow":"follow","max-snippet":"max-snippet:-1","max-image-preview":"max-image-preview:large","max-video-preview":"max-video-preview:-1"},"canonical":"https:\/\/whatthefrance.org\/es\/cookies\/","og_locale":"es_ES","og_type":"article","og_title":"Cookies - What the France","og_description":"\u00bfQu\u00e9 son las cookies? Las cookies (u otros rastreadores similares) son archivos depositados y almacenados en el disco duro de su dispositivo (computadora, tableta, tel\u00e9fono m\u00f3vil o cualquier otro dispositivo optimizado para Internet), a trav\u00e9s de su navegador, especialmente cuando consulta un servicio o un contenido en l\u00ednea. El archivo cookie solo puede ser le\u00eddo [&hellip;]","og_url":"https:\/\/whatthefrance.org\/es\/cookies\/","og_site_name":"What the France","article_modified_time":"2019-09-11T10:53:44+00:00","og_image":[{"width":192,"height":192,"url":"https:\/\/whatthefrance.org\/wp-content\/uploads\/2018\/10\/192-1.png","type":"image\/png"}],"twitter_card":"summary_large_image","twitter_misc":{"Tiempo de lectura":"9 minutos"},"schema":{"@context":"https:\/\/schema.org","@graph":[{"@type":"WebPage","@id":"https:\/\/whatthefrance.org\/es\/cookies\/","url":"https:\/\/whatthefrance.org\/es\/cookies\/","name":"Cookies - What the France","isPartOf":{"@id":"https:\/\/whatthefrance.org\/es\/#website"},"datePublished":"2019-09-11T09:59:36+00:00","dateModified":"2019-09-11T10:53:44+00:00","breadcrumb":{"@id":"https:\/\/whatthefrance.org\/es\/cookies\/#breadcrumb"},"inLanguage":"es","potentialAction":[{"@type":"ReadAction","target":["https:\/\/whatthefrance.org\/es\/cookies\/"]}]},{"@type":"BreadcrumbList","@id":"https:\/\/whatthefrance.org\/es\/cookies\/#breadcrumb","itemListElement":[{"@type":"ListItem","position":1,"name":"Home","item":"https:\/\/whatthefrance.org\/es\/"},{"@type":"ListItem","position":2,"name":"Cookies"}]},{"@type":"WebSite","@id":"https:\/\/whatthefrance.org\/es\/#website","url":"https:\/\/whatthefrance.org\/es\/","name":"What the France","description":"The finest music made in France !","publisher":{"@id":"https:\/\/whatthefrance.org\/es\/#organization"},"potentialAction":[{"@type":"SearchAction","target":{"@type":"EntryPoint","urlTemplate":"https:\/\/whatthefrance.org\/es\/?s={search_term_string}"},"query-input":{"@type":"PropertyValueSpecification","valueRequired":true,"valueName":"search_term_string"}}],"inLanguage":"es"},{"@type":"Organization","@id":"https:\/\/whatthefrance.org\/es\/#organization","name":"What The France","url":"https:\/\/whatthefrance.org\/es\/","logo":{"@type":"ImageObject","inLanguage":"es","@id":"https:\/\/whatthefrance.org\/es\/#\/schema\/logo\/image\/","url":"https:\/\/whatthefrance.org\/wp-content\/uploads\/2019\/12\/44688719_2251580388408837_694180218134331392_n-e1577679609190.png","contentUrl":"https:\/\/whatthefrance.org\/wp-content\/uploads\/2019\/12\/44688719_2251580388408837_694180218134331392_n-e1577679609190.png","width":200,"height":200,"caption":"What The France"},"image":{"@id":"https:\/\/whatthefrance.org\/es\/#\/schema\/logo\/image\/"}}]}},"_links":{"self":[{"href":"https:\/\/whatthefrance.org\/es\/wp-json\/wp\/v2\/pages\/10283","targetHints":{"allow":["GET"]}}],"collection":[{"href":"https:\/\/whatthefrance.org\/es\/wp-json\/wp\/v2\/pages"}],"about":[{"href":"https:\/\/whatthefrance.org\/es\/wp-json\/wp\/v2\/types\/page"}],"author":[{"embeddable":true,"href":"https:\/\/whatthefrance.org\/es\/wp-json\/wp\/v2\/users\/6"}],"replies":[{"embeddable":true,"href":"https:\/\/whatthefrance.org\/es\/wp-json\/wp\/v2\/comments?post=10283"}],"version-history":[{"count":7,"href":"https:\/\/whatthefrance.org\/es\/wp-json\/wp\/v2\/pages\/10283\/revisions"}],"predecessor-version":[{"id":10297,"href":"https:\/\/whatthefrance.org\/es\/wp-json\/wp\/v2\/pages\/10283\/revisions\/10297"}],"wp:attachment":[{"href":"https:\/\/whatthefrance.org\/es\/wp-json\/wp\/v2\/media?parent=10283"}],"curies":[{"name":"wp","href":"https:\/\/api.w.org\/{rel}","templated":true}]}}