{"id":10287,"date":"2019-09-11T12:00:30","date_gmt":"2019-09-11T10:00:30","guid":{"rendered":"https:\/\/whatthefrance.org\/?page_id=10287"},"modified":"2023-08-31T11:22:24","modified_gmt":"2023-08-31T09:22:24","slug":"aviso-legal","status":"publish","type":"page","link":"https:\/\/whatthefrance.org\/es\/aviso-legal\/","title":{"rendered":"Aviso Legal"},"content":{"rendered":"<h2>Art\u00edculo 1 &#8211; Editor de la p\u00e1gina web<\/h2>\n<p>Esta p\u00e1gina web se publica en nombre de CNM, establecimiento p\u00fablico de car\u00e1cter industrial y comercial, SIRET 882 539 786 0001, cuyo domicilio social se encuentra en 3147-151 Avenue de France 75013,\u00a0Paris, Francia (en lo sucesivo, \u00abCNM\u00bb).<\/p>\n<ul>\n<li><strong>Director de Publicaciones<\/strong>: Jean-Philippe Thiellay, Gerente General de\u00a0CNM<\/li>\n<li><strong>Escritura<\/strong>: el equipo de CNM<\/li>\n<li><strong>Dise\u00f1o gr\u00e1fico, desarrollo y realizaci\u00f3n<\/strong>: Modulo Digital, 4 Boulevard de Strasbourg, 75010 Paris, Francia<\/li>\n<li><strong>Alojamiento<\/strong>: OVH, 2 rue Kellermann, 59100 Roubaix, FranciaArticle 2 \u2013 Propri\u00e9t\u00e9 intellectuelle<\/li>\n<\/ul>\n<p>&nbsp;<\/p>\n<h2><strong>Article 2 \u2013 Propiedad intelectual<\/strong><\/h2>\n<p><span class=\"em-orange\">La URL de <a href=\"https:\/\/whatthefrance.org\" target=\"_blank\" rel=\"noopener noreferrer\">whatthefrance.org<\/a> y la p\u00e1gina web vinculada son propiedad de CNM.<\/span><\/p>\n<p>CNM publica un sitio web multiling\u00fce de noticias e informaci\u00f3n accesible en <a href=\"http:\/\/www.whatthefrance.org\" target=\"_blank\" rel=\"noopener noreferrer\">www.whatthefrance.org<\/a> (en adelante, la \u00abp\u00e1gina web\u00bb).<\/p>\n<p>La p\u00e1gina web est\u00e1 disponible en ingl\u00e9s, franc\u00e9s, alem\u00e1n, Portugu\u00e9s \u00a0y espa\u00f1ol. Est\u00e1 dirigida a fan\u00e1ticos de la m\u00fasica internacional y tiene como objetivo descubrir obras musicales producidas en Francia.<\/p>\n<p>Todo el contenido (texto, sonido, imagen, software, logotipo, marcas, creaciones, bases de datos, etc.) publicado en la p\u00e1gina web whatthefrance.org o en la p\u00e1gina web de CNM est\u00e1 protegido por la ley vigente en Francia y los convenios Derechos de propiedad intelectual: en particular, los art\u00edculos L.122-4 y L.122-5 del C\u00f3digo franc\u00e9s de propiedad intelectual.<\/p>\n<p>De acuerdo con las revisiones de los art\u00edculos L.122-5, L.211-3 y L.342-3 del C\u00f3digo de Propiedad Intelectual y las diferentes condiciones de uso determinadas por las licencias libres, cuando el contenido se identifica como tal, Cualquier reproducci\u00f3n y \/ o comunicaci\u00f3n total o parcial al p\u00fablico de este contenido est\u00e1 sujeta a autorizaci\u00f3n.<\/p>\n<p>Adem\u00e1s, cualquier reproducci\u00f3n o comunicaci\u00f3n no autorizada al p\u00fablico de marcas o logotipos presentes en el Sitio es un acto de falsificaci\u00f3n y sus autores est\u00e1n sujetos a sanciones penales, incluidas las previstas en los art\u00edculos L.335-2 y L .343-1 del C\u00f3digo de Propiedad Intelectual.<\/p>\n<p>Estas condiciones generales de uso (en adelante denominadas \u00abCGU\u00bb), sujetas a la ley francesa, est\u00e1n destinadas a regular el uso la p\u00e1gina web. Cualquier usuario de la p\u00e1gina web declara, al acceder y navegar por la p\u00e1gina web, haber le\u00eddo estos t\u00e9rminos. La navegaci\u00f3n en la p\u00e1gina web conlleva la aceptaci\u00f3n expresa y sin reservas de estos t\u00e9rminos por parte del usuario de la p\u00e1gina web. Por lo tanto, estos t\u00e9rminos son totalmente aplicables contra los usuarios de la p\u00e1gina web.<\/p>\n<p>En caso de incumplimiento de los t\u00e9rminos de estas CGU, CNM se reserva el derecho de tomar cualquier medida que pueda preservar sus intereses y, en particular, garantizar su ejecuci\u00f3n.<\/p>\n<h2>Art\u00edculo 3 &#8211; Responsabilidad<\/h2>\n<p>La informaci\u00f3n en la p\u00e1gina web whatthefrance.org proviene de fuentes que se consideran fiables. Sin embargo, CNM no puede garantizar que ninguna informaci\u00f3n sea precisa, completa o actualizada. Solo el usuario de Internet puede discernir la calidad de la informaci\u00f3n proporcionada por esta p\u00e1gina web.<\/p>\n<p>CNM es libre de modificar, en cualquier momento y sin previo aviso, el contenido de la p\u00e1gina web.<\/p>\n<p>CNM no se hace responsable de ning\u00fan da\u00f1o, directo o indirecto, relacionado con el contenido de la p\u00e1gina web.<\/p>\n<p>CNM no se hace responsable de ning\u00fan da\u00f1o, directo o indirecto, relacionado con el uso de la p\u00e1gina web o la imposibilidad de navegar por la p\u00e1gina web, parcial o totalmente, debido en particular a una operaci\u00f3n de mantenimiento t\u00e9cnico o cualquier otro problema t\u00e9cnico de cualquier tipo.<\/p>\n<p>En caso de uso inapropiado o il\u00edcito de la p\u00e1gina web, el solo usuario puede ser considerado responsable de cualquier da\u00f1o, directo o indirecto, causado por CNM a terceros. El solo usuario puede ser considerado responsable de cualquier solicitud y \/ o acciones que resulten.<\/p>\n<p>CNM no se hace responsable de los problemas encontrados en otras p\u00e1ginas web relacionadas con What the France o cualquier otra informaci\u00f3n publicada en otras p\u00e1ginas web, as\u00ed como las consecuencias de su uso. Adem\u00e1s, cualquier enlace, creado y redirigido a esta p\u00e1gina web, se realiza bajo la responsabilidad de la p\u00e1gina web de enlace y no puede comprometer la responsabilidad de CNM.<\/p>\n<p>CNM se reserva el derecho de eliminar enlaces a la p\u00e1gina web, especialmente si las p\u00e1ginas web no respetan la ley relacionada con la propiedad intelectual o socava la reputaci\u00f3n de CNM.<\/p>\n<h2>Art\u00edculo 4 &#8211; Datos personales<\/h2>\n<p>What the France se compromete a respetar la privacidad de los usuarios del Sitio y, como tal, a cumplir estrictamente con las leyes vigentes en Francia sobre la protecci\u00f3n de la privacidad, las libertades individuales y los datos personales.<\/p>\n<ul>\n<li>\n<h3><strong>Datos personales recopilados<\/strong><\/h3>\n<\/li>\n<\/ul>\n<p>Los datos relacionados con los suscriptores de los boletines se recopilan por correo electr\u00f3nico de los contenidos de la p\u00e1gina web, a saber:<\/p>\n<p>&#8211; correo electr\u00f3nico del suscriptor<\/p>\n<p>&#8211; datos de inicio de sesi\u00f3n y cookies t\u00e9cnicas para administrar las preferencias de suscripci\u00f3n de notificaciones y la visualizaci\u00f3n de contenido en la p\u00e1gina web<\/p>\n<p>&#8211; cookies de redes sociales y medidas de audiencia para mejorar la experiencia de navegaci\u00f3n del usuario<\/p>\n<ul>\n<li>\n<h3>Prop\u00f3sito de los datos recopilados<\/h3>\n<\/li>\n<\/ul>\n<p>Los datos se recopilan para registro, estructuraci\u00f3n, preservaci\u00f3n, adaptaci\u00f3n \/ modificaci\u00f3n \/ eliminaci\u00f3n, extracci\u00f3n, consulta y uso con el fin de:<\/p>\n<p>&#8211; gesti\u00f3n de suscripciones a boletines<\/p>\n<p>&#8211; la organizaci\u00f3n de cuestionarios<\/p>\n<p>&#8211; la implementaci\u00f3n de la mejor experiencia de navegaci\u00f3n posible en la p\u00e1gina web<\/p>\n<ul>\n<li>\n<h3>Destinatarios de los datos recopilados<\/h3>\n<\/li>\n<\/ul>\n<p>Los datos recopilados solo est\u00e1n destinados para uso interno de los equipos de CNM (empleados internos o empleados externos de CNM), a fin de permitirles realizar sus tareas y cumplir la misi\u00f3n de CNM.<\/p>\n<p>What the France no realiza prospecciones comerciales. Los datos personales sobre usted no se transfieren ni alquilan, de forma gratuita u onerosa, a terceros y no son objeto de ninguna explotaci\u00f3n comercial.<\/p>\n<ul>\n<li>\n<h3>Per\u00edodo de retenci\u00f3n de los datos recopilados<\/h3>\n<\/li>\n<\/ul>\n<p>Los datos se conservan hasta 3 a\u00f1os despu\u00e9s de la cancelaci\u00f3n de la suscripci\u00f3n de un contacto al servicio de notificaci\u00f3n por correo electr\u00f3nico.<\/p>\n<ul>\n<li>\n<h3>Declaraci\u00f3n CNIL, responsable del tratamiento y contacto<\/h3>\n<\/li>\n<\/ul>\n<p>Las recopilaciones y el procesamiento automatizado de datos personales que la Oficina de Exportaci\u00f3n debe implementar como parte de sus misiones se presentan ante la Comisi\u00f3n Nacional de Computaci\u00f3n y Libertades (CNIL), de conformidad con la Ley de inform\u00e1tica y Libertades n \u00b0 78-17 del 6 de enero de 1978, modificado por la ley n \u00b0 2004-801 del 6 de agosto de 2004.<\/p>\n<p>CNM, representado por el Sr. <strong>Jean-Philippe THIELLAY<\/strong> en su calidad de Gerente General, es responsable del procesamiento de los datos recopilados por CNM en la p\u00e1gina web.<\/p>\n<p>Puede contactarnos para cualquier pregunta sobre sus datos personales y el respeto de su privacidad, enviando un correo electr\u00f3nico a:\u00a0<a href=\"dpo@lebureauexport.fr\">dpo@lebureauexport.fr<\/a><\/p>\n<ul>\n<li>\n<h3>Derechos de acceso, rectificaci\u00f3n, oposici\u00f3n y eliminaci\u00f3n de datos.<\/h3>\n<\/li>\n<\/ul>\n<p>De conformidad con la ley n \u00b0 78-17 del 6 de enero de 1978 modificada en relaci\u00f3n con la inform\u00e1tica, los archivos y las libertades, cualquier persona tiene un derecho permanente de acceso, rectificaci\u00f3n, supresi\u00f3n, limitaci\u00f3n y oposici\u00f3n. el procesamiento de los datos personales que le conciernen y de los cuales el editor del Sitio es el destinatario, en las condiciones establecidas en los art\u00edculos 38, 39 y 40 de dicha ley y que puede ejercer por medios electr\u00f3nicos o por correo, adjuntando una copia de una prueba de identidad en la siguiente direcci\u00f3n: <strong>CNM \u2013 147-151 Avenue de France \u2013 75013 Paris<\/strong> o por correo electr\u00f3nico a \u00a0<a>dpo@lebureauexport.fr<\/a><\/p>\n<p>Los derechos anteriores se extinguen a la muerte de su titular. Sin embargo, se le informa que, en aplicaci\u00f3n del art\u00edculo 40-1 del n \u00b0 78-17 del 6 de enero de 1978, seg\u00fan enmendado anteriormente, tiene derecho a definir pautas sobre el destino de los datos personales que le conciernen, despu\u00e9s de su muerte. En ausencia de instrucciones o informaci\u00f3n contraria en sus instrucciones, los datos que le conciernen se borrar\u00e1n a su muerte a solicitud de sus herederos. Tambi\u00e9n puede elegir si desea comunicar estos datos a un tercero que designe.<\/p>\n<ul>\n<li>\n<h3>Cookies<\/h3>\n<\/li>\n<\/ul>\n<p>Se informa a los usuarios de la p\u00e1gina web que, al acceder ala p\u00e1gina web, se puede recopilar informaci\u00f3n sobre su terminal y datos recopilados mediante cookies, con el fin de facilitar la navegaci\u00f3n en el sitio, para llevar a cabo mediciones estad\u00edsticas de la p\u00e1gina web, audiencia de la p\u00e1gina web y le permite compartir o comentar nuestro contenido a trav\u00e9s de las redes sociales. Los usuarios de la p\u00e1gina web reconocen haber sido informados de esta pr\u00e1ctica y la aceptan.<\/p>\n<p>Obtenga m\u00e1s informaci\u00f3n (enlace a la p\u00e1gina \u00abPara obtener m\u00e1s informaci\u00f3n sobre nuestras cookies y cambiar su configuraci\u00f3n\u00bb).<\/p>\n<ul>\n<li>\n<h3>Robo de identidad en internet<\/h3>\n<\/li>\n<\/ul>\n<p>De conformidad con las disposiciones del Art\u00edculo 226-4-1 del C\u00f3digo Penal, hacerse pasar por un tercero o usar uno o m\u00e1s datos de cualquier tipo para identificarlo con el fin de molestar su tranquilidad o la de los dem\u00e1s, o socavar su honor o su consideraci\u00f3n, se castiga con un a\u00f1o de prisi\u00f3n y una multa de \u20ac 15,000. Este delito se castiga con las mismas sanciones cuando se comete en una red de comunicaci\u00f3n p\u00fablica en l\u00ednea.<\/p>\n","protected":false},"excerpt":{"rendered":"<p>Art\u00edculo 1 &#8211; Editor de la p\u00e1gina web Esta p\u00e1gina web se publica en nombre de CNM, establecimiento p\u00fablico de car\u00e1cter industrial y comercial, SIRET 882 539 786 0001, cuyo domicilio social se encuentra en 3147-151 Avenue de France 75013,\u00a0Paris, Francia (en lo sucesivo, \u00abCNM\u00bb). Director de Publicaciones: Jean-Philippe Thiellay, Gerente General de\u00a0CNM Escritura: el [&hellip;]<\/p>\n","protected":false},"author":6,"featured_media":0,"parent":0,"menu_order":0,"comment_status":"closed","ping_status":"closed","template":"","meta":{"_acf_changed":false,"footnotes":""},"class_list":["post-10287","page","type-page","status-publish","hentry"],"acf":[],"yoast_head":"<!-- This site is optimized with the Yoast SEO plugin v27.3 - https:\/\/yoast.com\/product\/yoast-seo-wordpress\/ -->\n<title>Aviso Legal - What the France<\/title>\n<meta name=\"robots\" content=\"index, follow, max-snippet:-1, max-image-preview:large, max-video-preview:-1\" \/>\n<link rel=\"canonical\" href=\"https:\/\/whatthefrance.org\/es\/aviso-legal\/\" \/>\n<meta property=\"og:locale\" content=\"es_ES\" \/>\n<meta property=\"og:type\" content=\"article\" \/>\n<meta property=\"og:title\" content=\"Aviso Legal - What the France\" \/>\n<meta property=\"og:description\" content=\"Art\u00edculo 1 &#8211; Editor de la p\u00e1gina web Esta p\u00e1gina web se publica en nombre de CNM, establecimiento p\u00fablico de car\u00e1cter industrial y comercial, SIRET 882 539 786 0001, cuyo domicilio social se encuentra en 3147-151 Avenue de France 75013,\u00a0Paris, Francia (en lo sucesivo, \u00abCNM\u00bb). Director de Publicaciones: Jean-Philippe Thiellay, Gerente General de\u00a0CNM Escritura: el [&hellip;]\" \/>\n<meta property=\"og:url\" content=\"https:\/\/whatthefrance.org\/es\/aviso-legal\/\" \/>\n<meta property=\"og:site_name\" content=\"What the France\" \/>\n<meta property=\"article:modified_time\" content=\"2023-08-31T09:22:24+00:00\" \/>\n<meta property=\"og:image\" content=\"https:\/\/whatthefrance.org\/wp-content\/uploads\/2018\/10\/192-1.png\" \/>\n\t<meta property=\"og:image:width\" content=\"192\" \/>\n\t<meta property=\"og:image:height\" content=\"192\" \/>\n\t<meta property=\"og:image:type\" content=\"image\/png\" \/>\n<meta name=\"twitter:card\" content=\"summary_large_image\" \/>\n<meta name=\"twitter:label1\" content=\"Tiempo de lectura\" \/>\n\t<meta name=\"twitter:data1\" content=\"7 minutos\" \/>\n<script type=\"application\/ld+json\" class=\"yoast-schema-graph\">{\"@context\":\"https:\\\/\\\/schema.org\",\"@graph\":[{\"@type\":\"WebPage\",\"@id\":\"https:\\\/\\\/whatthefrance.org\\\/es\\\/aviso-legal\\\/\",\"url\":\"https:\\\/\\\/whatthefrance.org\\\/es\\\/aviso-legal\\\/\",\"name\":\"Aviso Legal - What the France\",\"isPartOf\":{\"@id\":\"https:\\\/\\\/whatthefrance.org\\\/es\\\/#website\"},\"datePublished\":\"2019-09-11T10:00:30+00:00\",\"dateModified\":\"2023-08-31T09:22:24+00:00\",\"breadcrumb\":{\"@id\":\"https:\\\/\\\/whatthefrance.org\\\/es\\\/aviso-legal\\\/#breadcrumb\"},\"inLanguage\":\"es\",\"potentialAction\":[{\"@type\":\"ReadAction\",\"target\":[\"https:\\\/\\\/whatthefrance.org\\\/es\\\/aviso-legal\\\/\"]}]},{\"@type\":\"BreadcrumbList\",\"@id\":\"https:\\\/\\\/whatthefrance.org\\\/es\\\/aviso-legal\\\/#breadcrumb\",\"itemListElement\":[{\"@type\":\"ListItem\",\"position\":1,\"name\":\"Home\",\"item\":\"https:\\\/\\\/whatthefrance.org\\\/es\\\/\"},{\"@type\":\"ListItem\",\"position\":2,\"name\":\"Aviso Legal\"}]},{\"@type\":\"WebSite\",\"@id\":\"https:\\\/\\\/whatthefrance.org\\\/es\\\/#website\",\"url\":\"https:\\\/\\\/whatthefrance.org\\\/es\\\/\",\"name\":\"What the France\",\"description\":\"The finest music made in France !\",\"publisher\":{\"@id\":\"https:\\\/\\\/whatthefrance.org\\\/es\\\/#organization\"},\"potentialAction\":[{\"@type\":\"SearchAction\",\"target\":{\"@type\":\"EntryPoint\",\"urlTemplate\":\"https:\\\/\\\/whatthefrance.org\\\/es\\\/?s={search_term_string}\"},\"query-input\":{\"@type\":\"PropertyValueSpecification\",\"valueRequired\":true,\"valueName\":\"search_term_string\"}}],\"inLanguage\":\"es\"},{\"@type\":\"Organization\",\"@id\":\"https:\\\/\\\/whatthefrance.org\\\/es\\\/#organization\",\"name\":\"What The France\",\"url\":\"https:\\\/\\\/whatthefrance.org\\\/es\\\/\",\"logo\":{\"@type\":\"ImageObject\",\"inLanguage\":\"es\",\"@id\":\"https:\\\/\\\/whatthefrance.org\\\/es\\\/#\\\/schema\\\/logo\\\/image\\\/\",\"url\":\"https:\\\/\\\/whatthefrance.org\\\/wp-content\\\/uploads\\\/2019\\\/12\\\/44688719_2251580388408837_694180218134331392_n-e1577679609190.png\",\"contentUrl\":\"https:\\\/\\\/whatthefrance.org\\\/wp-content\\\/uploads\\\/2019\\\/12\\\/44688719_2251580388408837_694180218134331392_n-e1577679609190.png\",\"width\":200,\"height\":200,\"caption\":\"What The France\"},\"image\":{\"@id\":\"https:\\\/\\\/whatthefrance.org\\\/es\\\/#\\\/schema\\\/logo\\\/image\\\/\"}}]}<\/script>\n<!-- \/ Yoast SEO plugin. -->","yoast_head_json":{"title":"Aviso Legal - What the France","robots":{"index":"index","follow":"follow","max-snippet":"max-snippet:-1","max-image-preview":"max-image-preview:large","max-video-preview":"max-video-preview:-1"},"canonical":"https:\/\/whatthefrance.org\/es\/aviso-legal\/","og_locale":"es_ES","og_type":"article","og_title":"Aviso Legal - What the France","og_description":"Art\u00edculo 1 &#8211; Editor de la p\u00e1gina web Esta p\u00e1gina web se publica en nombre de CNM, establecimiento p\u00fablico de car\u00e1cter industrial y comercial, SIRET 882 539 786 0001, cuyo domicilio social se encuentra en 3147-151 Avenue de France 75013,\u00a0Paris, Francia (en lo sucesivo, \u00abCNM\u00bb). Director de Publicaciones: Jean-Philippe Thiellay, Gerente General de\u00a0CNM Escritura: el [&hellip;]","og_url":"https:\/\/whatthefrance.org\/es\/aviso-legal\/","og_site_name":"What the France","article_modified_time":"2023-08-31T09:22:24+00:00","og_image":[{"width":192,"height":192,"url":"https:\/\/whatthefrance.org\/wp-content\/uploads\/2018\/10\/192-1.png","type":"image\/png"}],"twitter_card":"summary_large_image","twitter_misc":{"Tiempo de lectura":"7 minutos"},"schema":{"@context":"https:\/\/schema.org","@graph":[{"@type":"WebPage","@id":"https:\/\/whatthefrance.org\/es\/aviso-legal\/","url":"https:\/\/whatthefrance.org\/es\/aviso-legal\/","name":"Aviso Legal - What the France","isPartOf":{"@id":"https:\/\/whatthefrance.org\/es\/#website"},"datePublished":"2019-09-11T10:00:30+00:00","dateModified":"2023-08-31T09:22:24+00:00","breadcrumb":{"@id":"https:\/\/whatthefrance.org\/es\/aviso-legal\/#breadcrumb"},"inLanguage":"es","potentialAction":[{"@type":"ReadAction","target":["https:\/\/whatthefrance.org\/es\/aviso-legal\/"]}]},{"@type":"BreadcrumbList","@id":"https:\/\/whatthefrance.org\/es\/aviso-legal\/#breadcrumb","itemListElement":[{"@type":"ListItem","position":1,"name":"Home","item":"https:\/\/whatthefrance.org\/es\/"},{"@type":"ListItem","position":2,"name":"Aviso Legal"}]},{"@type":"WebSite","@id":"https:\/\/whatthefrance.org\/es\/#website","url":"https:\/\/whatthefrance.org\/es\/","name":"What the France","description":"The finest music made in France !","publisher":{"@id":"https:\/\/whatthefrance.org\/es\/#organization"},"potentialAction":[{"@type":"SearchAction","target":{"@type":"EntryPoint","urlTemplate":"https:\/\/whatthefrance.org\/es\/?s={search_term_string}"},"query-input":{"@type":"PropertyValueSpecification","valueRequired":true,"valueName":"search_term_string"}}],"inLanguage":"es"},{"@type":"Organization","@id":"https:\/\/whatthefrance.org\/es\/#organization","name":"What The France","url":"https:\/\/whatthefrance.org\/es\/","logo":{"@type":"ImageObject","inLanguage":"es","@id":"https:\/\/whatthefrance.org\/es\/#\/schema\/logo\/image\/","url":"https:\/\/whatthefrance.org\/wp-content\/uploads\/2019\/12\/44688719_2251580388408837_694180218134331392_n-e1577679609190.png","contentUrl":"https:\/\/whatthefrance.org\/wp-content\/uploads\/2019\/12\/44688719_2251580388408837_694180218134331392_n-e1577679609190.png","width":200,"height":200,"caption":"What The France"},"image":{"@id":"https:\/\/whatthefrance.org\/es\/#\/schema\/logo\/image\/"}}]}},"_links":{"self":[{"href":"https:\/\/whatthefrance.org\/es\/wp-json\/wp\/v2\/pages\/10287","targetHints":{"allow":["GET"]}}],"collection":[{"href":"https:\/\/whatthefrance.org\/es\/wp-json\/wp\/v2\/pages"}],"about":[{"href":"https:\/\/whatthefrance.org\/es\/wp-json\/wp\/v2\/types\/page"}],"author":[{"embeddable":true,"href":"https:\/\/whatthefrance.org\/es\/wp-json\/wp\/v2\/users\/6"}],"replies":[{"embeddable":true,"href":"https:\/\/whatthefrance.org\/es\/wp-json\/wp\/v2\/comments?post=10287"}],"version-history":[{"count":9,"href":"https:\/\/whatthefrance.org\/es\/wp-json\/wp\/v2\/pages\/10287\/revisions"}],"predecessor-version":[{"id":60520,"href":"https:\/\/whatthefrance.org\/es\/wp-json\/wp\/v2\/pages\/10287\/revisions\/60520"}],"wp:attachment":[{"href":"https:\/\/whatthefrance.org\/es\/wp-json\/wp\/v2\/media?parent=10287"}],"curies":[{"name":"wp","href":"https:\/\/api.w.org\/{rel}","templated":true}]}}