{"id":1824,"date":"2018-11-28T17:38:07","date_gmt":"2018-11-28T16:38:07","guid":{"rendered":"https:\/\/whatthefrance.org\/?page_id=1824"},"modified":"2020-10-23T12:32:27","modified_gmt":"2020-10-23T10:32:27","slug":"cookies","status":"publish","type":"page","link":"https:\/\/whatthefrance.org\/fr\/cookies\/","title":{"rendered":"Cookies"},"content":{"rendered":"<div class=\"main bg-white is-page\">\n<div class=\"c-content\">\n<h2>Que sont les cookies ?<\/h2>\n<p>Les cookies (ou autres traceurs similaires) sont des fichiers d\u00e9pos\u00e9s et stock\u00e9s sur le disque dur de votre terminal (ordinateur, tablette, t\u00e9l\u00e9phone mobile ou tout autre appareil optimis\u00e9 pour Internet), par le biais de votre logiciel de navigation, notamment lors de la consultation d\u2019un service ou d\u2019un contenu en ligne. Le fichier \u00ab\u00a0cookie\u00a0\u00bb ne peut \u00eatre lu que par son \u00e9metteur. Il permet, \u00e0 son \u00e9metteur, pendant sa dur\u00e9e de validit\u00e9, qui ne peut exc\u00e9der 13 mois, de reconna\u00eetre votre terminal \u00e0 chaque fois que vous acc\u00e9dez \u00e0 ce service ou \u00e0 ce contenu num\u00e9rique. Le cookie ne vous identifie pas personnellement, mais uniquement le navigateur de votre terminal. Le cookie permet ainsi de donner une information sur votre navigation de sorte que votre terminal puisse \u00eatre reconnu plus tard.<\/p>\n<p>L\u2019installation de certains cookies est soumise \u00e0 votre consentement. Lors de votre visite sur le Site, un bandeau d\u2019information s\u2019affiche, vous indiquant qu\u2019en continuant votre navigation sur le Site, les cookies install\u00e9s seront install\u00e9s sur votre terminal. Si vous y consentez, vous pourrez n\u00e9anmoins revenir sur votre choix \u00e0 tout moment suivant les modalit\u00e9s indiqu\u00e9es au paragraphe \u00ab\u00a0comment g\u00e9rer les cookies\u00a0?\u00a0\u00bb ci-apr\u00e8s.<\/p>\n<h2>Comment utilisons-nous les cookies ?<\/h2>\n<p>Trois types de cookies, r\u00e9pondant aux finalit\u00e9s d\u00e9crites ci-dessous, peuvent ainsi \u00eatre enregistr\u00e9s dans votre terminal \u00e0 l\u2019occasion d\u2019une visite de notre site :<\/p>\n<ol>\n<li><strong>Les cookies techniques\u00a0sont \u00e9mis par nous et\u00a0<\/strong><strong>sont n\u00e9cessaires \u00e0 la navigation dans notre site, ainsi qu<\/strong><strong>\u2019<\/strong><strong>\u00e0 l<\/strong><strong>\u2019<\/strong><strong>acc\u00e8s aux diff\u00e9rents produits et services en ligne.<\/strong><\/li>\n<\/ol>\n<p>Les cookies techniques permettent en particulier de vous identifier, de signaler votre passage sur telle ou telle page et ainsi d\u2019am\u00e9liorer votre confort de navigation : adapter la pr\u00e9sentation du site aux pr\u00e9f\u00e9rences d\u2019affichage de votre terminal (langue utilis\u00e9e, r\u00e9solution d\u2019affichage, etc), m\u00e9moriser les mots de passe et autres informations relatives \u00e0 un formulaire que vous avez rempli sur le site (abonnement aux newsletters ou acc\u00e8s \u00e0 l\u2019Espace Adh\u00e9rent). Les cookies techniques permettent \u00e9galement de mettre en \u0153uvre des mesures de s\u00e9curit\u00e9 (c\u2019est le cas par exemple lorsqu\u2019il vous est demand\u00e9 de vous connecter \u00e0 nouveau \u00e0 l\u2019Espace Adh\u00e9rent apr\u00e8s un certain laps de temps).<\/p>\n<p>Ces cookies techniques ne peuvent pas \u00eatre d\u00e9sactiv\u00e9s ou param\u00e9tr\u00e9s sous peine de ne plus pouvoir acc\u00e9der au site et\/ou aux diff\u00e9rents produits et services du site.<\/p>\n<ol start=\"2\">\n<li><strong>Les cookies de mesure d<\/strong><strong>\u2019<\/strong><strong>audience\u00a0<\/strong><strong>sont \u00e9mis par nous ou par nos prestataires techniques tiers, aux fins de mesurer l<\/strong><strong>\u2019<\/strong><strong>audience des diff\u00e9rents contenus et rubriques de notre site, afin de les \u00e9valuer et de mieux les organiser. Ces cookies permettent \u00e9galement, le cas \u00e9ch\u00e9ant, de d\u00e9tecter des probl\u00e8mes de navigation et par cons\u00e9quent d<\/strong><strong>\u2019<\/strong><strong>am\u00e9liorer l<\/strong><strong>\u2019<\/strong><strong>ergonomie de nos services.<\/strong><\/li>\n<\/ol>\n<p>Le site web du What The France utilise notamment, \u00e0 ces fins,\u00a0<strong>Google Analytics<\/strong>, un service d\u2019analyse du web fourni par Google, Inc. Ces cookies ne produisent que des statistiques anonymes et des volumes de fr\u00e9quentation, \u00e0 l\u2019exclusion de toute information individuelle, et sont destin\u00e9s \u00e0 nous permettre de mieux conna\u00eetre notre site et am\u00e9liorer nos services, en \u00e9tablissant des statistiques et volumes de fr\u00e9quentations et d\u2019utilisation (rubriques et contenus visit\u00e9s, parcours, etc). Les conditions d\u2019utilisation de\u00a0Google Analytics pr\u00e9cisent notamment que Google n\u2019\u00e9tablit pas de lien entre l\u2019adresse\u00a0IP de la personne concern\u00e9e et d\u2019autres donn\u00e9es d\u00e9tenues par Google. La dur\u00e9e de vie de ces cookies de mesure d\u2019audience n\u2019exc\u00e8de pas 13 mois.<\/p>\n<p>Vous pouvez refuser l\u2019utilisation des cookies de Google Analytics\u00a0en t\u00e9l\u00e9chargeant et en installant le module compl\u00e9mentaire du navigateur pour la d\u00e9sactivation de Google Analytics.<\/p>\n<p><a href=\"https:\/\/tools.google.com\/dlpage\/gaoptout?hl=fr\">Google Analytics Opt-out Browser Add-on<\/a><\/p>\n<ol start=\"3\">\n<li><strong>Les cookies traceurs de \u00ab R\u00e9seaux sociaux \u00bb<\/strong><strong>\u00a0g\u00e9n\u00e9r\u00e9s par les boutons de partage de r\u00e9seaux sociaux sont \u00e9mis par les r\u00e9seaux sociaux aux fins de vous permettre de partager des contenus de notre site avec d<\/strong><strong>\u2019<\/strong><strong>autres personnes ou de faire conna\u00eetre \u00e0 ces autres personnes votre consultation ou votre opinion concernant un contenu du site.<\/strong><\/li>\n<\/ol>\n<p>Tel est, notamment, le cas des boutons \u00ab partager \u00bb, \u00ab j\u2019aime \u00bb, issus de r\u00e9seaux sociaux \u00ab Facebook \u00bb ou \u00ab twitter \u00bb. Le r\u00e9seau social fournissant un tel bouton applicatif est susceptible de vous identifier gr\u00e2ce \u00e0 ce bouton, m\u00eame si vous ne l\u2019avez pas utilis\u00e9 lors de la consultation de notre site. Nous vous invitons \u00e0 consulter les politiques de protection de la vie priv\u00e9e de ces r\u00e9seaux sociaux afin de prendre connaissance des finalit\u00e9s d\u2019utilisation, notamment publicitaires, des informations de navigation qu\u2019ils peuvent recueillir gr\u00e2ce \u00e0 ces boutons applicatifs. La dur\u00e9e de vie de ces Cookies \u00ab\u00a0R\u00e9seaux sociaux\u00a0\u00bb n\u2019exc\u00e8de pas 13 mois. Les cookies d\u00e9pos\u00e9s par les r\u00e9seaux sociaux rel\u00e8vent de leur seule responsabilit\u00e9.<\/p>\n<h2>Comment g\u00e9rer les cookies ?<\/h2>\n<p>Les cookies techniques sont strictement n\u00e9cessaires au fonctionnement du site et, comme indiqu\u00e9 ci-dessus, leur d\u00e9sactivation emp\u00eacherait le site de fonctionner. Ces cookies techniques ne peuvent donc pas \u00eatre d\u00e9sactiv\u00e9s ou param\u00e9tr\u00e9s sous peine de ne plus pouvoir acc\u00e9der au site et\/ou aux diff\u00e9rents produits et services du site. Ils sont donc exempt\u00e9s de l\u2019obligation de recueil du consentement pr\u00e9alable de l\u2019internaute.<\/p>\n<p>En ce qui concerne les cookies de mesure d\u2019audience et les cookies traceurs de r\u00e9seaux sociaux, vous consentez \u00e0 leur utilisation en utilisant notre site.. Vous pouvez toutefois choisir \u00e0 tout moment de d\u00e9sactiver tout ou une partie des \u00a0cookies de mesure d\u2019audience ou des cookies traceurs de r\u00e9seaux sociaux. Vous pouvez effacer tous les cookies d\u00e9j\u00e0 enregistr\u00e9s sur votre ordinateur. Votre navigateur peut \u00e9galement \u00eatre param\u00e9tr\u00e9 pour vous signaler les cookies qui sont d\u00e9pos\u00e9s dans votre terminal et vous demander de les accepter ou pas.<\/p>\n<p>Si vous d\u00e9cidez d\u2019effacer vos cookies, soyez conscient que toutes les pr\u00e9f\u00e9rences que vous avez \u00e9ventuellement param\u00e9tr\u00e9es seront perdues. En outre, si vous bloquez tous les cookies, de nombreux sites web (dont le n\u00f4tre) ne fonctionneront plus correctement.<\/p>\n<ol>\n<li><strong>Refuser un cookie par l\u2019interm\u00e9diaire de votre logiciel de navigation<\/strong><\/li>\n<\/ol>\n<p>Vous pouvez \u00e0 tout moment choisir de configurer votre logiciel de navigation pour que les cookies soient enregistr\u00e9s dans votre terminal (opt-in) ou au contraire qu\u2019ils soient rejet\u00e9s (opt-out). Votre navigateur peut \u00e9galement \u00eatre param\u00e9tr\u00e9 pour vous signaler les cookies d\u00e9pos\u00e9s dans votre terminal et vous demander de les accepter ou non (au cas par cas, site par site, ou en totalit\u00e9). Nous vous rappelons toutefois que la d\u00e9sactivation de tous les cookies vous emp\u00eachera d\u2019utiliser notre site dans des conditions normales, \u00e0 l\u2019exception des fonctions basiques.<\/p>\n<p>Si vous utilisez\u00a0<strong>le navigateur Explorer<\/strong>\u00a0: cliquez sur le bouton\u00a0<strong>Outils<\/strong>, puis\u00a0<strong>Options Internet<\/strong>. Sous l\u2019onglet g\u00e9n\u00e9ral, Historique de navigation, cliquez sur\u00a0<strong>Param\u00e8tres<\/strong>. Puis cliquez sur\u00a0<strong>Afficher les fichiers<\/strong>\u00a0et s\u00e9lectionnez-le ou les Cookies que vous souhaitez d\u00e9sactiver. Fermez ensuite la fen\u00eatre qui contient cette liste de Cookies et cliquez deux fois sur\u00a0<strong>OK<\/strong>\u00a0pour retourner sur Internet.<\/p>\n<p>Si vous utilisez le\u00a0<strong>navigateur Firefox<\/strong>\u00a0: cliquez sur l\u2019ic\u00f4ne du Menu Firefox, puis sur le bouton\u00a0<strong>Outils<\/strong>, puis\u00a0<strong>Options\u00a0<\/strong>; dans la fen\u00eatre qui s\u2019affiche, choisissez\u00a0<strong>Vie Priv\u00e9e<\/strong>\u00a0et cliquez sur\u00a0<strong>Supprimez Cookies Sp\u00e9cifiques<\/strong>. S\u00e9lectionnez les Cookies que vous souhaitez d\u00e9sactiver puis supprimez-les.<\/p>\n<p>Si vous utilisez le\u00a0<strong>navigateur Safari<\/strong>\u00a0: cliquez sur le bouton\u00a0<strong>Param\u00e8tres<\/strong>, puis\u00a0<strong>Pr\u00e9f\u00e9rences<\/strong>. Dans la fen\u00eatre qui s\u2019affiche, choisissez\u00a0<strong>Confidentialit\u00e9\/S\u00e9curit\u00e9<\/strong>, et cliquez sur\u00a0<strong>Afficher les Cookies<\/strong>. S\u00e9lectionnez les Cookies que vous souhaitez d\u00e9sactiver puis clic sur\u00a0<strong>Effacer\u00a0<\/strong>ou sur\u00a0<strong>Tout effacer<\/strong>.<\/p>\n<p>Si vous utilisez le\u00a0<strong>navigateur Chrome<\/strong>\u00a0: cliquez sur l\u2019ic\u00f4ne du menu Google Chrome, puis\u00a0<strong>Param\u00e8tres<\/strong>. Au bas de la page, cliquez sur\u00a0<strong>Afficher les param\u00e8tres avanc\u00e9s<\/strong>. Dans la section Confidentialit\u00e9, cliquez sur\u00a0<strong>Param\u00e8tre de contenus<\/strong>. Pour d\u00e9sactiver les cookies\u00a0:<\/p>\n<ul>\n<li>s\u00e9lectionnez\u00a0Interdire \u00e0 tous les sites de stocker des donn\u00e9es<\/li>\n<li>cliquez sur\u00a0Cookies et donn\u00e9es de site, puis passez la souris sur le site ayant cr\u00e9\u00e9 le Cookie, et cliquez sur\u00a0X\u00a0dans l\u2019angle droit, ou cliquez sur\u00a0Tout supprimer.<\/li>\n<\/ul>\n<ol start=\"2\">\n<li><strong>Refuser un Cookie d\u2019audience\u00a0<\/strong><\/li>\n<\/ol>\n<p>Sur notre site, les cookies d\u2019audience sont d\u00e9pos\u00e9s par\u00a0<strong>Google Analytics<\/strong>, un service d\u2019analyse du web fourni par Google, Inc. Si vous ne souhaitez pas que notre site enregistre des cookies dans votre navigateur \u00e0 des fins de mesure d\u2019audience, vous pouvez refuser l\u2019utilisation des cookies de Google Analytics\u00a0en t\u00e9l\u00e9chargeant et en installant le module compl\u00e9mentaire du navigateur pour la d\u00e9sactivation de Google Analytics.<\/p>\n<p><a href=\"https:\/\/tools.google.com\/dlpage\/gaoptout?hl=fr\">Google Analytics Opt-out Browser Add-on<\/a><\/p>\n<p><strong>Attention<\/strong>, ces cookies permettent de mesurer le trafic ou l\u2019audience, associ\u00e9 \u00e0 notre site internet, aux pages visit\u00e9es et aux interactions r\u00e9alis\u00e9es sur notre site lors de votre visite. Les d\u00e9sactiver emp\u00eache donc toute collecte d\u2019informations relatives \u00e0 votre navigation sur notre site et donc la proposition de contenus \u00e9ditoriaux adapt\u00e9s en fonction de votre navigation.<\/p>\n<ol start=\"3\">\n<li><strong>Refuser un Cookie \u00e9mis par un r\u00e9seau social\u00a0<\/strong><\/li>\n<\/ol>\n<p>Si vous ne souhaitez pas que notre site enregistre des cookies dans votre navigateur \u00e0 cette fin, vous pouvez cliquer sur les liens de d\u00e9sactivation suivants qui enregistreront au sein de votre navigateur un cookie ayant pour unique objet de neutraliser l\u2019utilisation des autres cookies provenant du r\u00e9seau social bloqu\u00e9. D\u00e9sactiver ces cookies emp\u00eachera donc toute interaction avec le ou les r\u00e9seaux sociaux concern\u00e9s :<\/p>\n<ul>\n<li>FACEBOOK\u00a0:\u00a0<a href=\"https:\/\/www.facebook.com\/policies\/cookies\/\">https:\/\/www.facebook.com\/policies\/cookies\/<\/a><\/li>\n<li>TWITTER\u00a0:\u00a0<a href=\"https:\/\/support.twitter.com\/articles\/20171379-twitter-prend-en-charge-la-desactivation-du-suivi-dnt\">https:\/\/support.twitter.com\/articles\/20171379-twitter-prend-en-charge-la-desactivation-du-suivi-dnt#<\/a><\/li>\n<li>GOOGLE + :\u00a0<a href=\"https:\/\/support.google.com\/accounts\/answer\/61416?hl=fr\">https:\/\/support.google.com\/accounts\/answer\/61416?hl=fr<\/a><\/li>\n<li>LINKEDIN :\u00a0<a href=\"http:\/\/www.linkedin.com\/legal\/cookie-policy\">http:\/\/www.linkedin.com\/legal\/cookie-policy<\/a><\/li>\n<li>YAHOO :\u00a0<a href=\"https:\/\/info.yahoo.com\/privacy\/us\/yahoo\/cookies\/\">https:\/\/info.yahoo.com\/privacy\/us\/yahoo\/cookies\/<\/a><\/li>\n<li>YOUTUBE :\u00a0<a href=\"https:\/\/support.google.com\/accounts\/answer\/61416?hl=fr\">https:\/\/support.google.com\/accounts\/answer\/61416?hl=fr<\/a><\/li>\n<\/ul>\n<p><strong>Attention<\/strong>, la prise en compte de vos diff\u00e9rents souhaits repose sur un cookie ou plusieurs cookies d\u00e9termin\u00e9s. Si vous supprimez tous les cookies enregistr\u00e9s au sein de votre terminal concernant notre site, nous ne saurons plus quel consentement ou quel refus vous avez \u00e9mis. Cela reviendra donc \u00e0 r\u00e9initialiser votre consentement et vous devrez donc \u00e0 nouveau refuser le ou les cookies que vous ne souhaitez pas conserver. De m\u00eame, si vous utilisez un autre navigateur Internet, vous devrez \u00e0 nouveau refuser ces cookies car vos choix, comme les cookies auxquels ils se rapportent, d\u00e9pendent du navigateur et du terminal (ordinateur, tablette, smartphone, etc.) que vous utilisez pour consulter notre site.<\/p>\n<p><a href=\"https:\/\/www.cnil.fr\/fr\/cookies-traceurs-que-dit-la-loi\" target=\"_blank\" rel=\"noopener noreferrer\">Pour en savoir plus<\/a><\/p>\n<\/div>\n<\/div>\n","protected":false},"excerpt":{"rendered":"<p>Que sont les cookies ? Les cookies (ou autres traceurs similaires) sont des fichiers d\u00e9pos\u00e9s et stock\u00e9s sur le disque dur de votre terminal (ordinateur, tablette, t\u00e9l\u00e9phone mobile ou tout autre appareil optimis\u00e9 pour Internet), par le biais de votre logiciel de navigation, notamment lors de la consultation d\u2019un service ou d\u2019un contenu en ligne. [&hellip;]<\/p>\n","protected":false},"author":6,"featured_media":0,"parent":0,"menu_order":0,"comment_status":"closed","ping_status":"closed","template":"","meta":{"_acf_changed":false,"footnotes":""},"class_list":["post-1824","page","type-page","status-publish","hentry"],"acf":[],"yoast_head":"<!-- This site is optimized with the Yoast SEO plugin v27.3 - https:\/\/yoast.com\/product\/yoast-seo-wordpress\/ -->\n<title>Cookies - What the France<\/title>\n<meta name=\"robots\" content=\"index, follow, max-snippet:-1, max-image-preview:large, max-video-preview:-1\" \/>\n<link rel=\"canonical\" href=\"https:\/\/whatthefrance.org\/fr\/cookies\/\" \/>\n<meta property=\"og:locale\" content=\"fr_FR\" \/>\n<meta property=\"og:type\" content=\"article\" \/>\n<meta property=\"og:title\" content=\"Cookies - What the France\" \/>\n<meta property=\"og:description\" content=\"Que sont les cookies ? Les cookies (ou autres traceurs similaires) sont des fichiers d\u00e9pos\u00e9s et stock\u00e9s sur le disque dur de votre terminal (ordinateur, tablette, t\u00e9l\u00e9phone mobile ou tout autre appareil optimis\u00e9 pour Internet), par le biais de votre logiciel de navigation, notamment lors de la consultation d\u2019un service ou d\u2019un contenu en ligne. [&hellip;]\" \/>\n<meta property=\"og:url\" content=\"https:\/\/whatthefrance.org\/fr\/cookies\/\" \/>\n<meta property=\"og:site_name\" content=\"What the France\" \/>\n<meta property=\"article:modified_time\" content=\"2020-10-23T10:32:27+00:00\" \/>\n<meta property=\"og:image\" content=\"https:\/\/whatthefrance.org\/wp-content\/uploads\/2018\/10\/192-1.png\" \/>\n\t<meta property=\"og:image:width\" content=\"192\" \/>\n\t<meta property=\"og:image:height\" content=\"192\" \/>\n\t<meta property=\"og:image:type\" content=\"image\/png\" \/>\n<meta name=\"twitter:card\" content=\"summary_large_image\" \/>\n<meta name=\"twitter:label1\" content=\"Dur\u00e9e de lecture estim\u00e9e\" \/>\n\t<meta name=\"twitter:data1\" content=\"9 minutes\" \/>\n<script type=\"application\/ld+json\" class=\"yoast-schema-graph\">{\"@context\":\"https:\\\/\\\/schema.org\",\"@graph\":[{\"@type\":\"WebPage\",\"@id\":\"https:\\\/\\\/whatthefrance.org\\\/fr\\\/cookies\\\/\",\"url\":\"https:\\\/\\\/whatthefrance.org\\\/fr\\\/cookies\\\/\",\"name\":\"Cookies - What the France\",\"isPartOf\":{\"@id\":\"https:\\\/\\\/whatthefrance.org\\\/fr\\\/#website\"},\"datePublished\":\"2018-11-28T16:38:07+00:00\",\"dateModified\":\"2020-10-23T10:32:27+00:00\",\"breadcrumb\":{\"@id\":\"https:\\\/\\\/whatthefrance.org\\\/fr\\\/cookies\\\/#breadcrumb\"},\"inLanguage\":\"fr-FR\",\"potentialAction\":[{\"@type\":\"ReadAction\",\"target\":[\"https:\\\/\\\/whatthefrance.org\\\/fr\\\/cookies\\\/\"]}]},{\"@type\":\"BreadcrumbList\",\"@id\":\"https:\\\/\\\/whatthefrance.org\\\/fr\\\/cookies\\\/#breadcrumb\",\"itemListElement\":[{\"@type\":\"ListItem\",\"position\":1,\"name\":\"Home\",\"item\":\"https:\\\/\\\/whatthefrance.org\\\/fr\\\/\"},{\"@type\":\"ListItem\",\"position\":2,\"name\":\"Cookies\"}]},{\"@type\":\"WebSite\",\"@id\":\"https:\\\/\\\/whatthefrance.org\\\/fr\\\/#website\",\"url\":\"https:\\\/\\\/whatthefrance.org\\\/fr\\\/\",\"name\":\"What the France\",\"description\":\"The finest music made in France !\",\"publisher\":{\"@id\":\"https:\\\/\\\/whatthefrance.org\\\/fr\\\/#organization\"},\"potentialAction\":[{\"@type\":\"SearchAction\",\"target\":{\"@type\":\"EntryPoint\",\"urlTemplate\":\"https:\\\/\\\/whatthefrance.org\\\/fr\\\/?s={search_term_string}\"},\"query-input\":{\"@type\":\"PropertyValueSpecification\",\"valueRequired\":true,\"valueName\":\"search_term_string\"}}],\"inLanguage\":\"fr-FR\"},{\"@type\":\"Organization\",\"@id\":\"https:\\\/\\\/whatthefrance.org\\\/fr\\\/#organization\",\"name\":\"What The France\",\"url\":\"https:\\\/\\\/whatthefrance.org\\\/fr\\\/\",\"logo\":{\"@type\":\"ImageObject\",\"inLanguage\":\"fr-FR\",\"@id\":\"https:\\\/\\\/whatthefrance.org\\\/fr\\\/#\\\/schema\\\/logo\\\/image\\\/\",\"url\":\"https:\\\/\\\/whatthefrance.org\\\/wp-content\\\/uploads\\\/2019\\\/12\\\/44688719_2251580388408837_694180218134331392_n-e1577679609190.png\",\"contentUrl\":\"https:\\\/\\\/whatthefrance.org\\\/wp-content\\\/uploads\\\/2019\\\/12\\\/44688719_2251580388408837_694180218134331392_n-e1577679609190.png\",\"width\":200,\"height\":200,\"caption\":\"What The France\"},\"image\":{\"@id\":\"https:\\\/\\\/whatthefrance.org\\\/fr\\\/#\\\/schema\\\/logo\\\/image\\\/\"}}]}<\/script>\n<!-- \/ Yoast SEO plugin. -->","yoast_head_json":{"title":"Cookies - What the France","robots":{"index":"index","follow":"follow","max-snippet":"max-snippet:-1","max-image-preview":"max-image-preview:large","max-video-preview":"max-video-preview:-1"},"canonical":"https:\/\/whatthefrance.org\/fr\/cookies\/","og_locale":"fr_FR","og_type":"article","og_title":"Cookies - What the France","og_description":"Que sont les cookies ? Les cookies (ou autres traceurs similaires) sont des fichiers d\u00e9pos\u00e9s et stock\u00e9s sur le disque dur de votre terminal (ordinateur, tablette, t\u00e9l\u00e9phone mobile ou tout autre appareil optimis\u00e9 pour Internet), par le biais de votre logiciel de navigation, notamment lors de la consultation d\u2019un service ou d\u2019un contenu en ligne. [&hellip;]","og_url":"https:\/\/whatthefrance.org\/fr\/cookies\/","og_site_name":"What the France","article_modified_time":"2020-10-23T10:32:27+00:00","og_image":[{"width":192,"height":192,"url":"https:\/\/whatthefrance.org\/wp-content\/uploads\/2018\/10\/192-1.png","type":"image\/png"}],"twitter_card":"summary_large_image","twitter_misc":{"Dur\u00e9e de lecture estim\u00e9e":"9 minutes"},"schema":{"@context":"https:\/\/schema.org","@graph":[{"@type":"WebPage","@id":"https:\/\/whatthefrance.org\/fr\/cookies\/","url":"https:\/\/whatthefrance.org\/fr\/cookies\/","name":"Cookies - What the France","isPartOf":{"@id":"https:\/\/whatthefrance.org\/fr\/#website"},"datePublished":"2018-11-28T16:38:07+00:00","dateModified":"2020-10-23T10:32:27+00:00","breadcrumb":{"@id":"https:\/\/whatthefrance.org\/fr\/cookies\/#breadcrumb"},"inLanguage":"fr-FR","potentialAction":[{"@type":"ReadAction","target":["https:\/\/whatthefrance.org\/fr\/cookies\/"]}]},{"@type":"BreadcrumbList","@id":"https:\/\/whatthefrance.org\/fr\/cookies\/#breadcrumb","itemListElement":[{"@type":"ListItem","position":1,"name":"Home","item":"https:\/\/whatthefrance.org\/fr\/"},{"@type":"ListItem","position":2,"name":"Cookies"}]},{"@type":"WebSite","@id":"https:\/\/whatthefrance.org\/fr\/#website","url":"https:\/\/whatthefrance.org\/fr\/","name":"What the France","description":"The finest music made in France !","publisher":{"@id":"https:\/\/whatthefrance.org\/fr\/#organization"},"potentialAction":[{"@type":"SearchAction","target":{"@type":"EntryPoint","urlTemplate":"https:\/\/whatthefrance.org\/fr\/?s={search_term_string}"},"query-input":{"@type":"PropertyValueSpecification","valueRequired":true,"valueName":"search_term_string"}}],"inLanguage":"fr-FR"},{"@type":"Organization","@id":"https:\/\/whatthefrance.org\/fr\/#organization","name":"What The France","url":"https:\/\/whatthefrance.org\/fr\/","logo":{"@type":"ImageObject","inLanguage":"fr-FR","@id":"https:\/\/whatthefrance.org\/fr\/#\/schema\/logo\/image\/","url":"https:\/\/whatthefrance.org\/wp-content\/uploads\/2019\/12\/44688719_2251580388408837_694180218134331392_n-e1577679609190.png","contentUrl":"https:\/\/whatthefrance.org\/wp-content\/uploads\/2019\/12\/44688719_2251580388408837_694180218134331392_n-e1577679609190.png","width":200,"height":200,"caption":"What The France"},"image":{"@id":"https:\/\/whatthefrance.org\/fr\/#\/schema\/logo\/image\/"}}]}},"_links":{"self":[{"href":"https:\/\/whatthefrance.org\/fr\/wp-json\/wp\/v2\/pages\/1824","targetHints":{"allow":["GET"]}}],"collection":[{"href":"https:\/\/whatthefrance.org\/fr\/wp-json\/wp\/v2\/pages"}],"about":[{"href":"https:\/\/whatthefrance.org\/fr\/wp-json\/wp\/v2\/types\/page"}],"author":[{"embeddable":true,"href":"https:\/\/whatthefrance.org\/fr\/wp-json\/wp\/v2\/users\/6"}],"replies":[{"embeddable":true,"href":"https:\/\/whatthefrance.org\/fr\/wp-json\/wp\/v2\/comments?post=1824"}],"version-history":[{"count":6,"href":"https:\/\/whatthefrance.org\/fr\/wp-json\/wp\/v2\/pages\/1824\/revisions"}],"predecessor-version":[{"id":22735,"href":"https:\/\/whatthefrance.org\/fr\/wp-json\/wp\/v2\/pages\/1824\/revisions\/22735"}],"wp:attachment":[{"href":"https:\/\/whatthefrance.org\/fr\/wp-json\/wp\/v2\/media?parent=1824"}],"curies":[{"name":"wp","href":"https:\/\/api.w.org\/{rel}","templated":true}]}}