{"id":198,"date":"2018-10-08T16:47:56","date_gmt":"2018-10-08T14:47:56","guid":{"rendered":"https:\/\/whatthefrance.org?page_id=198"},"modified":"2025-12-16T12:26:01","modified_gmt":"2025-12-16T11:26:01","slug":"a-propos","status":"publish","type":"page","link":"https:\/\/whatthefrance.org\/fr\/a-propos\/","title":{"rendered":"\u00c0 propos"},"content":{"rendered":"<p><img decoding=\"async\" class=\"aligncenter wp-image-1830\" src=\"https:\/\/whatthefrance.org\/wp-content\/uploads\/2018\/11\/WEB-Coq-mascotte-300x297.png\" alt=\"\" width=\"250\" height=\"248\" srcset=\"https:\/\/whatthefrance.org\/wp-content\/uploads\/2018\/11\/WEB-Coq-mascotte-300x297.png 300w, https:\/\/whatthefrance.org\/wp-content\/uploads\/2018\/11\/WEB-Coq-mascotte-150x150.png 150w, https:\/\/whatthefrance.org\/wp-content\/uploads\/2018\/11\/WEB-Coq-mascotte-170x170.png 170w, https:\/\/whatthefrance.org\/wp-content\/uploads\/2018\/11\/WEB-Coq-mascotte.png 505w\" sizes=\"(max-width: 250px) 100vw, 250px\" \/><\/p>\n<h2>What the France<\/h2>\n<p><strong>What the France<\/strong>\u00a0est la marque de recommandation du\u00a0<a href=\"https:\/\/cnm.fr\" target=\"_blank\" rel=\"noopener noreferrer\">CNM<\/a> (Centre national de la musique), cr\u00e9\u00e9e pour mettre en lumi\u00e8re la diversit\u00e9 de la musique produite en France.<\/p>\n<p>Avec le nouveau souffle donn\u00e9 par le streaming dans l&rsquo;\u00e9conomie musicale, le CNM (Centre national de la musique)\u00a0a souhait\u00e9 d\u00e9velopper un outil sp\u00e9cifiquement adapt\u00e9 \u00e0 ces nouveaux modes de consommation de la musique. A travers un site d&rsquo;actualit\u00e9, des playlists et des \u00e9v\u00e9nements, What the France pr\u00e9sente l&rsquo;actualit\u00e9 musicale de la production fran\u00e7aise.<\/p>\n<p>&nbsp;<\/p>\n<p style=\"text-align: center;\"><strong>What the France est un service de\u00a0<\/strong><\/p>\n<p><img decoding=\"async\" class=\" wp-image-36610 aligncenter\" src=\"https:\/\/whatthefrance.org\/wp-content\/uploads\/2022\/01\/CNM-logo_rvb-02-300x138.png\" alt=\"\" width=\"365\" height=\"168\" srcset=\"https:\/\/whatthefrance.org\/wp-content\/uploads\/2022\/01\/CNM-logo_rvb-02-300x138.png 300w, https:\/\/whatthefrance.org\/wp-content\/uploads\/2022\/01\/CNM-logo_rvb-02-1024x470.png 1024w, https:\/\/whatthefrance.org\/wp-content\/uploads\/2022\/01\/CNM-logo_rvb-02-768x353.png 768w, https:\/\/whatthefrance.org\/wp-content\/uploads\/2022\/01\/CNM-logo_rvb-02-1536x705.png 1536w, https:\/\/whatthefrance.org\/wp-content\/uploads\/2022\/01\/CNM-logo_rvb-02-2048x940.png 2048w\" sizes=\"(max-width: 365px) 100vw, 365px\" \/><\/p>\n","protected":false},"excerpt":{"rendered":"<p>What the France What the France\u00a0est la marque de recommandation du\u00a0CNM (Centre national de la musique), cr\u00e9\u00e9e pour mettre en lumi\u00e8re la diversit\u00e9 de la musique produite en France. Avec le nouveau souffle donn\u00e9 par le streaming dans l&rsquo;\u00e9conomie musicale, le CNM (Centre national de la musique)\u00a0a souhait\u00e9 d\u00e9velopper un outil sp\u00e9cifiquement adapt\u00e9 \u00e0 ces [&hellip;]<\/p>\n","protected":false},"author":1,"featured_media":0,"parent":0,"menu_order":0,"comment_status":"closed","ping_status":"closed","template":"","meta":{"_acf_changed":false,"footnotes":""},"class_list":["post-198","page","type-page","status-publish","hentry"],"acf":[],"yoast_head":"<!-- This site is optimized with the Yoast SEO plugin v27.3 - https:\/\/yoast.com\/product\/yoast-seo-wordpress\/ -->\n<title>\u00c0 propos - What the France<\/title>\n<meta name=\"robots\" content=\"index, follow, max-snippet:-1, max-image-preview:large, max-video-preview:-1\" \/>\n<link rel=\"canonical\" href=\"https:\/\/whatthefrance.org\/fr\/a-propos\/\" \/>\n<meta property=\"og:locale\" content=\"fr_FR\" \/>\n<meta property=\"og:type\" content=\"article\" \/>\n<meta property=\"og:title\" content=\"\u00c0 propos - What the France\" \/>\n<meta property=\"og:description\" content=\"What the France What the France\u00a0est la marque de recommandation du\u00a0CNM (Centre national de la musique), cr\u00e9\u00e9e pour mettre en lumi\u00e8re la diversit\u00e9 de la musique produite en France. Avec le nouveau souffle donn\u00e9 par le streaming dans l&rsquo;\u00e9conomie musicale, le CNM (Centre national de la musique)\u00a0a souhait\u00e9 d\u00e9velopper un outil sp\u00e9cifiquement adapt\u00e9 \u00e0 ces [&hellip;]\" \/>\n<meta property=\"og:url\" content=\"https:\/\/whatthefrance.org\/fr\/a-propos\/\" \/>\n<meta property=\"og:site_name\" content=\"What the France\" \/>\n<meta property=\"article:modified_time\" content=\"2025-12-16T11:26:01+00:00\" \/>\n<meta property=\"og:image\" content=\"https:\/\/whatthefrance.org\/wp-content\/uploads\/2018\/11\/WEB-Coq-mascotte.png\" \/>\n\t<meta property=\"og:image:width\" content=\"505\" \/>\n\t<meta property=\"og:image:height\" content=\"500\" \/>\n\t<meta property=\"og:image:type\" content=\"image\/png\" \/>\n<meta name=\"twitter:card\" content=\"summary_large_image\" \/>\n<meta name=\"twitter:label1\" content=\"Dur\u00e9e de lecture estim\u00e9e\" \/>\n\t<meta name=\"twitter:data1\" content=\"2 minutes\" \/>\n<script type=\"application\/ld+json\" class=\"yoast-schema-graph\">{\"@context\":\"https:\\\/\\\/schema.org\",\"@graph\":[{\"@type\":\"WebPage\",\"@id\":\"https:\\\/\\\/whatthefrance.org\\\/fr\\\/a-propos\\\/\",\"url\":\"https:\\\/\\\/whatthefrance.org\\\/fr\\\/a-propos\\\/\",\"name\":\"\u00c0 propos - What the France\",\"isPartOf\":{\"@id\":\"https:\\\/\\\/whatthefrance.org\\\/fr\\\/#website\"},\"primaryImageOfPage\":{\"@id\":\"https:\\\/\\\/whatthefrance.org\\\/fr\\\/a-propos\\\/#primaryimage\"},\"image\":{\"@id\":\"https:\\\/\\\/whatthefrance.org\\\/fr\\\/a-propos\\\/#primaryimage\"},\"thumbnailUrl\":\"https:\\\/\\\/whatthefrance.org\\\/wp-content\\\/uploads\\\/2018\\\/11\\\/WEB-Coq-mascotte-300x297.png\",\"datePublished\":\"2018-10-08T14:47:56+00:00\",\"dateModified\":\"2025-12-16T11:26:01+00:00\",\"breadcrumb\":{\"@id\":\"https:\\\/\\\/whatthefrance.org\\\/fr\\\/a-propos\\\/#breadcrumb\"},\"inLanguage\":\"fr-FR\",\"potentialAction\":[{\"@type\":\"ReadAction\",\"target\":[\"https:\\\/\\\/whatthefrance.org\\\/fr\\\/a-propos\\\/\"]}]},{\"@type\":\"ImageObject\",\"inLanguage\":\"fr-FR\",\"@id\":\"https:\\\/\\\/whatthefrance.org\\\/fr\\\/a-propos\\\/#primaryimage\",\"url\":\"https:\\\/\\\/whatthefrance.org\\\/wp-content\\\/uploads\\\/2018\\\/11\\\/WEB-Coq-mascotte-300x297.png\",\"contentUrl\":\"https:\\\/\\\/whatthefrance.org\\\/wp-content\\\/uploads\\\/2018\\\/11\\\/WEB-Coq-mascotte-300x297.png\"},{\"@type\":\"BreadcrumbList\",\"@id\":\"https:\\\/\\\/whatthefrance.org\\\/fr\\\/a-propos\\\/#breadcrumb\",\"itemListElement\":[{\"@type\":\"ListItem\",\"position\":1,\"name\":\"Home\",\"item\":\"https:\\\/\\\/whatthefrance.org\\\/fr\\\/\"},{\"@type\":\"ListItem\",\"position\":2,\"name\":\"\u00c0 propos\"}]},{\"@type\":\"WebSite\",\"@id\":\"https:\\\/\\\/whatthefrance.org\\\/fr\\\/#website\",\"url\":\"https:\\\/\\\/whatthefrance.org\\\/fr\\\/\",\"name\":\"What the France\",\"description\":\"The finest music made in France !\",\"publisher\":{\"@id\":\"https:\\\/\\\/whatthefrance.org\\\/fr\\\/#organization\"},\"potentialAction\":[{\"@type\":\"SearchAction\",\"target\":{\"@type\":\"EntryPoint\",\"urlTemplate\":\"https:\\\/\\\/whatthefrance.org\\\/fr\\\/?s={search_term_string}\"},\"query-input\":{\"@type\":\"PropertyValueSpecification\",\"valueRequired\":true,\"valueName\":\"search_term_string\"}}],\"inLanguage\":\"fr-FR\"},{\"@type\":\"Organization\",\"@id\":\"https:\\\/\\\/whatthefrance.org\\\/fr\\\/#organization\",\"name\":\"What The France\",\"url\":\"https:\\\/\\\/whatthefrance.org\\\/fr\\\/\",\"logo\":{\"@type\":\"ImageObject\",\"inLanguage\":\"fr-FR\",\"@id\":\"https:\\\/\\\/whatthefrance.org\\\/fr\\\/#\\\/schema\\\/logo\\\/image\\\/\",\"url\":\"https:\\\/\\\/whatthefrance.org\\\/wp-content\\\/uploads\\\/2019\\\/12\\\/44688719_2251580388408837_694180218134331392_n-e1577679609190.png\",\"contentUrl\":\"https:\\\/\\\/whatthefrance.org\\\/wp-content\\\/uploads\\\/2019\\\/12\\\/44688719_2251580388408837_694180218134331392_n-e1577679609190.png\",\"width\":200,\"height\":200,\"caption\":\"What The France\"},\"image\":{\"@id\":\"https:\\\/\\\/whatthefrance.org\\\/fr\\\/#\\\/schema\\\/logo\\\/image\\\/\"}}]}<\/script>\n<!-- \/ Yoast SEO plugin. -->","yoast_head_json":{"title":"\u00c0 propos - What the France","robots":{"index":"index","follow":"follow","max-snippet":"max-snippet:-1","max-image-preview":"max-image-preview:large","max-video-preview":"max-video-preview:-1"},"canonical":"https:\/\/whatthefrance.org\/fr\/a-propos\/","og_locale":"fr_FR","og_type":"article","og_title":"\u00c0 propos - What the France","og_description":"What the France What the France\u00a0est la marque de recommandation du\u00a0CNM (Centre national de la musique), cr\u00e9\u00e9e pour mettre en lumi\u00e8re la diversit\u00e9 de la musique produite en France. Avec le nouveau souffle donn\u00e9 par le streaming dans l&rsquo;\u00e9conomie musicale, le CNM (Centre national de la musique)\u00a0a souhait\u00e9 d\u00e9velopper un outil sp\u00e9cifiquement adapt\u00e9 \u00e0 ces [&hellip;]","og_url":"https:\/\/whatthefrance.org\/fr\/a-propos\/","og_site_name":"What the France","article_modified_time":"2025-12-16T11:26:01+00:00","og_image":[{"width":505,"height":500,"url":"https:\/\/whatthefrance.org\/wp-content\/uploads\/2018\/11\/WEB-Coq-mascotte.png","type":"image\/png"}],"twitter_card":"summary_large_image","twitter_misc":{"Dur\u00e9e de lecture estim\u00e9e":"2 minutes"},"schema":{"@context":"https:\/\/schema.org","@graph":[{"@type":"WebPage","@id":"https:\/\/whatthefrance.org\/fr\/a-propos\/","url":"https:\/\/whatthefrance.org\/fr\/a-propos\/","name":"\u00c0 propos - What the France","isPartOf":{"@id":"https:\/\/whatthefrance.org\/fr\/#website"},"primaryImageOfPage":{"@id":"https:\/\/whatthefrance.org\/fr\/a-propos\/#primaryimage"},"image":{"@id":"https:\/\/whatthefrance.org\/fr\/a-propos\/#primaryimage"},"thumbnailUrl":"https:\/\/whatthefrance.org\/wp-content\/uploads\/2018\/11\/WEB-Coq-mascotte-300x297.png","datePublished":"2018-10-08T14:47:56+00:00","dateModified":"2025-12-16T11:26:01+00:00","breadcrumb":{"@id":"https:\/\/whatthefrance.org\/fr\/a-propos\/#breadcrumb"},"inLanguage":"fr-FR","potentialAction":[{"@type":"ReadAction","target":["https:\/\/whatthefrance.org\/fr\/a-propos\/"]}]},{"@type":"ImageObject","inLanguage":"fr-FR","@id":"https:\/\/whatthefrance.org\/fr\/a-propos\/#primaryimage","url":"https:\/\/whatthefrance.org\/wp-content\/uploads\/2018\/11\/WEB-Coq-mascotte-300x297.png","contentUrl":"https:\/\/whatthefrance.org\/wp-content\/uploads\/2018\/11\/WEB-Coq-mascotte-300x297.png"},{"@type":"BreadcrumbList","@id":"https:\/\/whatthefrance.org\/fr\/a-propos\/#breadcrumb","itemListElement":[{"@type":"ListItem","position":1,"name":"Home","item":"https:\/\/whatthefrance.org\/fr\/"},{"@type":"ListItem","position":2,"name":"\u00c0 propos"}]},{"@type":"WebSite","@id":"https:\/\/whatthefrance.org\/fr\/#website","url":"https:\/\/whatthefrance.org\/fr\/","name":"What the France","description":"The finest music made in France !","publisher":{"@id":"https:\/\/whatthefrance.org\/fr\/#organization"},"potentialAction":[{"@type":"SearchAction","target":{"@type":"EntryPoint","urlTemplate":"https:\/\/whatthefrance.org\/fr\/?s={search_term_string}"},"query-input":{"@type":"PropertyValueSpecification","valueRequired":true,"valueName":"search_term_string"}}],"inLanguage":"fr-FR"},{"@type":"Organization","@id":"https:\/\/whatthefrance.org\/fr\/#organization","name":"What The France","url":"https:\/\/whatthefrance.org\/fr\/","logo":{"@type":"ImageObject","inLanguage":"fr-FR","@id":"https:\/\/whatthefrance.org\/fr\/#\/schema\/logo\/image\/","url":"https:\/\/whatthefrance.org\/wp-content\/uploads\/2019\/12\/44688719_2251580388408837_694180218134331392_n-e1577679609190.png","contentUrl":"https:\/\/whatthefrance.org\/wp-content\/uploads\/2019\/12\/44688719_2251580388408837_694180218134331392_n-e1577679609190.png","width":200,"height":200,"caption":"What The France"},"image":{"@id":"https:\/\/whatthefrance.org\/fr\/#\/schema\/logo\/image\/"}}]}},"_links":{"self":[{"href":"https:\/\/whatthefrance.org\/fr\/wp-json\/wp\/v2\/pages\/198","targetHints":{"allow":["GET"]}}],"collection":[{"href":"https:\/\/whatthefrance.org\/fr\/wp-json\/wp\/v2\/pages"}],"about":[{"href":"https:\/\/whatthefrance.org\/fr\/wp-json\/wp\/v2\/types\/page"}],"author":[{"embeddable":true,"href":"https:\/\/whatthefrance.org\/fr\/wp-json\/wp\/v2\/users\/1"}],"replies":[{"embeddable":true,"href":"https:\/\/whatthefrance.org\/fr\/wp-json\/wp\/v2\/comments?post=198"}],"version-history":[{"count":23,"href":"https:\/\/whatthefrance.org\/fr\/wp-json\/wp\/v2\/pages\/198\/revisions"}],"predecessor-version":[{"id":75457,"href":"https:\/\/whatthefrance.org\/fr\/wp-json\/wp\/v2\/pages\/198\/revisions\/75457"}],"wp:attachment":[{"href":"https:\/\/whatthefrance.org\/fr\/wp-json\/wp\/v2\/media?parent=198"}],"curies":[{"name":"wp","href":"https:\/\/api.w.org\/{rel}","templated":true}]}}