{"id":199,"date":"2018-10-08T16:55:17","date_gmt":"2018-10-08T14:55:17","guid":{"rendered":"https:\/\/whatthefrance.org?page_id=199"},"modified":"2023-08-31T11:21:03","modified_gmt":"2023-08-31T09:21:03","slug":"mentions-legales","status":"publish","type":"page","link":"https:\/\/whatthefrance.org\/fr\/mentions-legales\/","title":{"rendered":"Mentions L\u00e9gales"},"content":{"rendered":"<h2><strong>Article 1 \u2013 Editeur du site<\/strong><\/h2>\n<p>Le pr\u00e9sent site est \u00e9dit\u00e9 pour le compte du Centre national de la musique, \u00e9tablissement public \u00e0 caract\u00e8re industriel et commercial, SIRET 882 539 786 0001, dont le si\u00e8ge social est situ\u00e9 au 147-151 Avenue de France 75013,\u00a0Paris, France (ci-apr\u00e8s d\u00e9sign\u00e9e \u00ab CNM \u00bb).<\/p>\n<ul>\n<li><strong>Directeur de publication\u00a0:<\/strong> Monsieur Jean-Philippe THIELLAY, pr\u00e9sident du CNM<\/li>\n<li><strong>Directrice du d\u00e9veloppement, de la communication et des partenariats :<\/strong> Madame Anne-Sophie BACH<\/li>\n<li><strong>R\u00e9daction\u00a0: <\/strong>L&rsquo;\u00e9quipe du CNM<\/li>\n<li><strong>Conception graphique, d\u00e9veloppement et r\u00e9alisation\u00a0:<\/strong> Modulo Digital, 4 Boulevard de Strasbourg, 75010 Paris, France<\/li>\n<li><strong>H\u00e9bergement\u00a0:<\/strong> OVH, 2 rue Kellermann, 59100 Roubaix, France<\/li>\n<\/ul>\n<h2><\/h2>\n<h2><strong>Article 2 \u2013 Propri\u00e9t\u00e9 intellectuelle<\/strong><\/h2>\n<p><span class=\"em-orange\">L\u2019adresse URL <a href=\"https:\/\/whatthefrance.org\" target=\"_blank\" rel=\"noopener noreferrer\">whatthefrance.org<\/a> et le Site li\u00e9 sont la propri\u00e9t\u00e9 du CNM.<\/span><\/p>\n<p>CNM \u00e9dite un site multilingue d\u2019informations et d\u2019actualit\u00e9s accessible \u00e0 l\u2019adresse URL\u00a0<a href=\"www.whatthefrance.org\">www.whatthefrance.org<\/a>\u00a0(ci-apr\u00e8s d\u00e9sign\u00e9 le \u00ab\u00a0Site\u00a0\u00bb).<\/p>\n<p>Le site est disponible en langue anglaise, fran\u00e7aise, allemande portugaise et espagnol. Il s\u2019adresse aux fans de musique \u00e0 l\u2019international et vise \u00e0 faire d\u00e9couvrir les \u0153uvres musicales produites en France.<\/p>\n<p>Tout contenu (texte, son, image, logiciel, logo, marques, cr\u00e9ations, bases de donn\u00e9es, etc. ) publi\u00e9 sur le site whatthefrance.org ou sur le site du CNM sont prot\u00e9g\u00e9s par la loi en vigueur en France et les conventions internationales li\u00e9es \u00e0 la propri\u00e9t\u00e9 intellectuelle \u2013 notamment les articles L.122-4 et L.122-5 du Code de la Propri\u00e9t\u00e9 Intellectuelle.<\/p>\n<p>En vertu des r\u00e9visions des articles L.122-5, L.211-3 et L.342-3 du Code de la Propri\u00e9t\u00e9 Intellectuelle et des diff\u00e9rentes conditions d\u2019utilisation d\u00e9termin\u00e9es par les licences libres, lorsque le contenu est identifi\u00e9 comme tel, toute reproduction totale ou partielle et\/ou communication quelque conque au public de ce contenu est soumis \u00e0 autorisation.<\/p>\n<p>En outre, toute reproduction ou communication non-autoris\u00e9e au public de marques d\u00e9pos\u00e9es ou de logos pr\u00e9sent sur le Site correspond \u00e0 un acte de contrefa\u00e7on et ses auteurs sont passibles de sanctions criminelles, notamment celles pr\u00e9vues dans les articles L.335-2 et L.343-1 du Code de la Propri\u00e9t\u00e9 Intellectuelle.<\/p>\n<p>Les pr\u00e9sentes conditions g\u00e9n\u00e9rales d\u2019utilisation (ci-apr\u00e8s d\u00e9sign\u00e9es \u00ab\u00a0CGU\u00a0\u00bb), soumises au droit fran\u00e7ais, ont vocation \u00e0 r\u00e9gir l\u2019utilisation du Site. Tout utilisateur du Site d\u00e9clare, en acc\u00e9dant et en naviguant dans le Site, avoir pris connaissance des pr\u00e9sentes CGU. La navigation dans le Site emporte de plein droit acceptation expresse et sans r\u00e9serve des pr\u00e9sentes CGU par l\u2019utilisateur du Site. Les pr\u00e9sentes CGU sont donc pleinement opposables aux Utilisateurs du Site.<\/p>\n<p>En cas de non-respect des termes des pr\u00e9sentes CGU, CNM se r\u00e9serve le droit de prendre toute mesure de nature \u00e0 pr\u00e9server ses int\u00e9r\u00eats et notamment \u00e0 en assurer l\u2019ex\u00e9cution.<\/p>\n<h2><strong>Article 3 \u2013 Responsabilit\u00e9<\/strong><\/h2>\n<p>Les informations diffus\u00e9es sur le site whatthefrance.org proviennent de sources consid\u00e9r\u00e9es comme fiables. N\u00e9anmoins, CNM ne saurait garantir que toute information soit exacte, compl\u00e8te ou mise \u00e0 jour. L\u2019internaute seul est capable de discerner la qualit\u00e9 des informations fournies par ce Site.<\/p>\n<p>CNM est libre de modifier, n\u2019importe quand et sans notification pr\u00e9alable, le contenu du Site.<br \/>\nCNM ne saurait \u00eatre tenu responsable de toute dommage, direct ou indirect, li\u00e9 au contenu du site.<br \/>\nCNM ne peut en aucun cas \u00eatre tenu responsable d\u2019aucun dommage, direct ou indirect, li\u00e9 \u00e0 l\u2019utilisation du site internet ou de l\u2019impossibilit\u00e9 de naviguer sur le site, partiellement ou en totalit\u00e9, d\u00fb notamment \u00e0 une op\u00e9ration de maintenance technique ou tout autre probl\u00e8me technique de quelque nature qu\u2019elle soit.<br \/>\nEn cas d\u2019utilisation inappropri\u00e9e ou illicite du site, l\u2019utilisateur seul peut \u00eatre tenu responsable des dommages, direct ou indirect, caus\u00e9s par CNM aux parties tierces. L\u2019utilisateur seul peut \u00eatre tenu responsable de toutes requ\u00eate et\/ou actions qui en r\u00e9sulteraient.<\/p>\n<p>CNM ne peut en aucun cas \u00eatre tenu responsable de probl\u00e8mes rencontr\u00e9s sur d\u2019autres sites li\u00e9s \u00e0 What the France ou tout autre information publi\u00e9 sur d\u2019autres sites, ainsi que des cons\u00e9quences de leur utilisation. En outre, tout lien, cr\u00e9\u00e9 et redirigeant vers ce site, est fait sous la responsabilit\u00e9 du site liant et ne peut engager la responsabilit\u00e9 du \u00a0CNM.<br \/>\nCNM se r\u00e9serve le droit de suppression des liens redirigeant vers ce Site, notamment si les sites h\u00e9bergeurs ne respectent pas la loi relative \u00e0 la Propri\u00e9t\u00e9 Intellectuelle ou porte atteinte \u00e0 la r\u00e9putation du CNM.<\/p>\n<h2><strong>Article 4 &#8211; Donn\u00e9es Personnelles<\/strong><\/h2>\n<p>What the France s\u2019engage \u00e0 respecter la vie priv\u00e9e des utilisateurs du Site et, \u00e0 ce titre, \u00e0 se conformer strictement aux textes en vigueur en France sur la protection de la vie priv\u00e9e, des libert\u00e9s individuelles et des donn\u00e9es \u00e0 caract\u00e8re personnel.<\/p>\n<ul>\n<li>\n<h3><strong>Donn\u00e9es personnelles collect\u00e9es<\/strong><\/h3>\n<\/li>\n<\/ul>\n<p>Sont collect\u00e9es les donn\u00e9es relatives aux abonn\u00e9s aux newsletters par emails de contenus du Site, \u00e0 savoir :<br \/>\n-email de l\u2019abonn\u00e9<br \/>\n-donn\u00e9es de connexion et cookies techniques pour g\u00e9rer les pr\u00e9f\u00e9rences d\u2019abonnement aux notifications et d\u2019affichage des contenus sur le Site<br \/>\n\u2013 cookies r\u00e9seaux sociaux et mesures d\u2019audience pour am\u00e9liorer l\u2019exp\u00e9rience de navigation de l\u2019internaute<\/p>\n<ul>\n<li>\n<h3><strong>Finalit\u00e9s des donn\u00e9es collect\u00e9es<\/strong><\/h3>\n<\/li>\n<\/ul>\n<p>Les donn\u00e9es sont collect\u00e9es en vue de leur enregistrement, structuration, conservation, adaptation \/modification\/suppression, extraction, consultation et utilisation aux fins de \u00a0:<br \/>\n\u2013 la gestion des abonnements aux newsletters<br \/>\n\u2013 l\u2019organisation de jeux-concours<br \/>\n\u2013 la mise en \u0153uvre de l\u2019exp\u00e9rience de navigation la meilleure possible sur le site<\/p>\n<ul>\n<li>\n<h3><strong>Destinataires des donn\u00e9es collect\u00e9es<\/strong><\/h3>\n<\/li>\n<\/ul>\n<p>Les donn\u00e9es collect\u00e9es sont uniquement destin\u00e9es \u00e0 une utilisation en interne par les \u00e9quipes du CNM (salari\u00e9s ou collaborateurs externes du CNM), aux fins de leur permettre d\u2019exercer leurs fonctions et d\u2019accomplir la mission du CNM.<\/p>\n<p>What the France ne r\u00e9alise aucune prospection commerciale. Les donn\u00e9es personnelles vous concernant ne sont ni c\u00e9d\u00e9es, ni lou\u00e9es, \u00e0 titre gratuit ou on\u00e9reux, \u00e0 des tiers et ne font l\u2019objet d\u2019aucune exploitation commerciale.<\/p>\n<ul>\n<li>\n<h3><strong>Dur\u00e9e de conservation des donn\u00e9es collect\u00e9es<\/strong><\/h3>\n<\/li>\n<\/ul>\n<p>Les donn\u00e9es sont conserv\u00e9es jusqu\u2019\u00e0 3 ans apr\u00e8s le d\u00e9sabonnement d\u2019un contact au service de notifications emails.<\/p>\n<ul>\n<li>\n<h3><strong>D\u00e9claration CNIL, Responsable de traitement et contact<\/strong><\/h3>\n<\/li>\n<\/ul>\n<p>Les collectes et traitements automatis\u00e9s de donn\u00e9es personnelles que le CNM est amen\u00e9 \u00e0 mettre en \u0153uvre dans le cadre de ses missions sont en cours de d\u00e9claration aupr\u00e8s de la Commission Nationale de l\u2019Informatique et des Libert\u00e9s (CNIL), conform\u00e9ment \u00e0 la loi\u00a0Informatique et Libert\u00e9s\u00a0n\u00b0 78-17 du 6 janvier 1978, modifi\u00e9e par la loi n\u00b02004-801 du 6 ao\u00fbt 2004.<\/p>\n<p>Le CNM, repr\u00e9sent\u00e9e par <strong>Monsieur Jean-Philippe THIELLAY<\/strong> en sa qualit\u00e9 de Pr\u00e9sident, est responsable du traitement des donn\u00e9es collect\u00e9es par le CNM sur le Site.<\/p>\n<p>Vous pouvez nous contacter pour toute question relative \u00e0 vos donn\u00e9es personnelles et au respect de votre vie priv\u00e9e, en nous envoyant un e-mail \u00e0 :\u00a0<a href=\"dpo@lebureauexport.fr\">dpo@lebureauexport.fr<\/a><\/p>\n<ul>\n<li>\n<h3><strong>Droits d\u2019acc\u00e8s, de rectification, d\u2019opposition et de suppression des donn\u00e9es<\/strong><\/h3>\n<\/li>\n<\/ul>\n<p>Conform\u00e9ment \u00e0 la loi n\u00b0 78-17 du 6 janvier 1978 modifi\u00e9e relative \u00e0 l\u2019informatique, aux fichiers et aux libert\u00e9s, toute personne dispose d\u2019un droit permanent d\u2019acc\u00e8s, de rectification, de suppression, de limitation et d\u2019opposition au traitement des donn\u00e9es personnelles le concernant et dont l\u2019\u00e9diteur du Site est destinataire, dans les conditions pr\u00e9vues aux articles 38, 39 et 40 de ladite loi et que vous pouvez exercer par voie \u00e9lectronique ou par voie postale en joignant une copie d\u2019une pi\u00e8ce d\u2019identit\u00e9 \u00e0 l\u2019adresse suivante : <strong>CNM \u2013 147-151 Avenue de France \u2013 75013 Paris<\/strong> Paris ou par e-mail \u00e0\u00a0<a href=\"mailto:dpo@lebureauexport.fr\">dpo@lebureauexport.fr<\/a><\/p>\n<p>Les droits ci-dessus s\u2019\u00e9teignent au d\u00e9c\u00e8s de leur titulaire. Toutefois, vous \u00eates inform\u00e9 qu\u2019en application de l\u2019article 40-1 de n\u00b0 78-17 du 6 janvier 1978 modifi\u00e9e pr\u00e9cit\u00e9e, vous disposez du droit de d\u00e9finir des directives relatives au sort des donn\u00e9es personnelles, qui vous concernent, apr\u00e8s votre d\u00e9c\u00e8s. En l\u2019absence de directives ou de mentions contraires dans vos directives, les donn\u00e9es qui vous concernent seront effac\u00e9es \u00e0 votre d\u00e9c\u00e8s \u00e0 la demande de vos h\u00e9ritiers. Vous pouvez \u00e9galement choisir de communiquer ou non ces donn\u00e9es \u00e0 un tiers que vous d\u00e9signez.<\/p>\n<ul>\n<li>\n<h3><strong>Cookies<\/strong><\/h3>\n<\/li>\n<\/ul>\n<p>Les utilisateurs du Site sont inform\u00e9s que, lors de l\u2019acc\u00e8s au Site, des informations concernant votre terminal peuvent \u00eatre collect\u00e9es et des donn\u00e9es recueillies \u00e0 l\u2019aide de cookies, afin de faciliter la navigation sur le site, r\u00e9aliser des mesures statistiques de l\u2019audience du Site et vous permettre de partager ou commenter nos contenus via les r\u00e9seaux sociaux. Les utilisateurs du Site reconnaissent avoir \u00e9t\u00e9 inform\u00e9s de cette pratique et l\u2019acceptent.<\/p>\n<p>En savoir plus\u00a0(lien vers la page \u00ab\u00a0Pour en savoir plus sur nos cookies et modifier vos param\u00e8tres\u00a0\u00bb).<\/p>\n<ul>\n<li>\n<h3><strong>Usurpation d\u2019identit\u00e9 sur internet<\/strong><\/h3>\n<\/li>\n<\/ul>\n<p>Conform\u00e9ment aux dispositions de l\u2019article 226-4-1 du Code p\u00e9nal, le fait d\u2019usurper l\u2019identit\u00e9 d\u2019un tiers ou de faire usage d\u2019une ou plusieurs donn\u00e9es de toute nature permettant de l\u2019identifier en vue de troubler sa tranquillit\u00e9 ou celle d\u2019autrui, ou de porter atteinte \u00e0 son honneur ou \u00e0 sa consid\u00e9ration, est puni d\u2019un an d\u2019emprisonnement et de 15 000 \u20ac d\u2019amende. Cette infraction est punie des m\u00eames peines lorsqu\u2019elle est commise sur un r\u00e9seau de communication au public en ligne.<\/p>\n","protected":false},"excerpt":{"rendered":"<p>Article 1 \u2013 Editeur du site Le pr\u00e9sent site est \u00e9dit\u00e9 pour le compte du Centre national de la musique, \u00e9tablissement public \u00e0 caract\u00e8re industriel et commercial, SIRET 882 539 786 0001, dont le si\u00e8ge social est situ\u00e9 au 147-151 Avenue de France 75013,\u00a0Paris, France (ci-apr\u00e8s d\u00e9sign\u00e9e \u00ab CNM \u00bb). Directeur de publication\u00a0: Monsieur Jean-Philippe [&hellip;]<\/p>\n","protected":false},"author":1,"featured_media":0,"parent":0,"menu_order":0,"comment_status":"closed","ping_status":"closed","template":"","meta":{"_acf_changed":false,"footnotes":""},"class_list":["post-199","page","type-page","status-publish","hentry"],"acf":[],"yoast_head":"<!-- This site is optimized with the Yoast SEO plugin v27.1.1 - https:\/\/yoast.com\/product\/yoast-seo-wordpress\/ -->\n<title>Mentions L\u00e9gales - What the France<\/title>\n<meta name=\"robots\" content=\"index, follow, max-snippet:-1, max-image-preview:large, max-video-preview:-1\" \/>\n<link rel=\"canonical\" href=\"https:\/\/whatthefrance.org\/fr\/mentions-legales\/\" \/>\n<meta property=\"og:locale\" content=\"fr_FR\" \/>\n<meta property=\"og:type\" content=\"article\" \/>\n<meta property=\"og:title\" content=\"Mentions L\u00e9gales - What the France\" \/>\n<meta property=\"og:description\" content=\"Article 1 \u2013 Editeur du site Le pr\u00e9sent site est \u00e9dit\u00e9 pour le compte du Centre national de la musique, \u00e9tablissement public \u00e0 caract\u00e8re industriel et commercial, SIRET 882 539 786 0001, dont le si\u00e8ge social est situ\u00e9 au 147-151 Avenue de France 75013,\u00a0Paris, France (ci-apr\u00e8s d\u00e9sign\u00e9e \u00ab CNM \u00bb). Directeur de publication\u00a0: Monsieur Jean-Philippe [&hellip;]\" \/>\n<meta property=\"og:url\" content=\"https:\/\/whatthefrance.org\/fr\/mentions-legales\/\" \/>\n<meta property=\"og:site_name\" content=\"What the France\" \/>\n<meta property=\"article:modified_time\" content=\"2023-08-31T09:21:03+00:00\" \/>\n<meta property=\"og:image\" content=\"https:\/\/whatthefrance.org\/wp-content\/uploads\/2018\/10\/192-1.png\" \/>\n\t<meta property=\"og:image:width\" content=\"192\" \/>\n\t<meta property=\"og:image:height\" content=\"192\" \/>\n\t<meta property=\"og:image:type\" content=\"image\/png\" \/>\n<meta name=\"twitter:card\" content=\"summary_large_image\" \/>\n<meta name=\"twitter:label1\" content=\"Dur\u00e9e de lecture estim\u00e9e\" \/>\n\t<meta name=\"twitter:data1\" content=\"7 minutes\" \/>\n<script type=\"application\/ld+json\" class=\"yoast-schema-graph\">{\"@context\":\"https:\/\/schema.org\",\"@graph\":[{\"@type\":\"WebPage\",\"@id\":\"https:\/\/whatthefrance.org\/fr\/mentions-legales\/\",\"url\":\"https:\/\/whatthefrance.org\/fr\/mentions-legales\/\",\"name\":\"Mentions L\u00e9gales - What the France\",\"isPartOf\":{\"@id\":\"https:\/\/whatthefrance.org\/fr\/#website\"},\"datePublished\":\"2018-10-08T14:55:17+00:00\",\"dateModified\":\"2023-08-31T09:21:03+00:00\",\"breadcrumb\":{\"@id\":\"https:\/\/whatthefrance.org\/fr\/mentions-legales\/#breadcrumb\"},\"inLanguage\":\"fr-FR\",\"potentialAction\":[{\"@type\":\"ReadAction\",\"target\":[\"https:\/\/whatthefrance.org\/fr\/mentions-legales\/\"]}]},{\"@type\":\"BreadcrumbList\",\"@id\":\"https:\/\/whatthefrance.org\/fr\/mentions-legales\/#breadcrumb\",\"itemListElement\":[{\"@type\":\"ListItem\",\"position\":1,\"name\":\"Home\",\"item\":\"https:\/\/whatthefrance.org\/fr\/\"},{\"@type\":\"ListItem\",\"position\":2,\"name\":\"Mentions L\u00e9gales\"}]},{\"@type\":\"WebSite\",\"@id\":\"https:\/\/whatthefrance.org\/fr\/#website\",\"url\":\"https:\/\/whatthefrance.org\/fr\/\",\"name\":\"What the France\",\"description\":\"The finest music made in France !\",\"publisher\":{\"@id\":\"https:\/\/whatthefrance.org\/fr\/#organization\"},\"potentialAction\":[{\"@type\":\"SearchAction\",\"target\":{\"@type\":\"EntryPoint\",\"urlTemplate\":\"https:\/\/whatthefrance.org\/fr\/?s={search_term_string}\"},\"query-input\":{\"@type\":\"PropertyValueSpecification\",\"valueRequired\":true,\"valueName\":\"search_term_string\"}}],\"inLanguage\":\"fr-FR\"},{\"@type\":\"Organization\",\"@id\":\"https:\/\/whatthefrance.org\/fr\/#organization\",\"name\":\"What The France\",\"url\":\"https:\/\/whatthefrance.org\/fr\/\",\"logo\":{\"@type\":\"ImageObject\",\"inLanguage\":\"fr-FR\",\"@id\":\"https:\/\/whatthefrance.org\/fr\/#\/schema\/logo\/image\/\",\"url\":\"https:\/\/whatthefrance.org\/wp-content\/uploads\/2019\/12\/44688719_2251580388408837_694180218134331392_n-e1577679609190.png\",\"contentUrl\":\"https:\/\/whatthefrance.org\/wp-content\/uploads\/2019\/12\/44688719_2251580388408837_694180218134331392_n-e1577679609190.png\",\"width\":200,\"height\":200,\"caption\":\"What The France\"},\"image\":{\"@id\":\"https:\/\/whatthefrance.org\/fr\/#\/schema\/logo\/image\/\"}}]}<\/script>\n<!-- \/ Yoast SEO plugin. -->","yoast_head_json":{"title":"Mentions L\u00e9gales - What the France","robots":{"index":"index","follow":"follow","max-snippet":"max-snippet:-1","max-image-preview":"max-image-preview:large","max-video-preview":"max-video-preview:-1"},"canonical":"https:\/\/whatthefrance.org\/fr\/mentions-legales\/","og_locale":"fr_FR","og_type":"article","og_title":"Mentions L\u00e9gales - What the France","og_description":"Article 1 \u2013 Editeur du site Le pr\u00e9sent site est \u00e9dit\u00e9 pour le compte du Centre national de la musique, \u00e9tablissement public \u00e0 caract\u00e8re industriel et commercial, SIRET 882 539 786 0001, dont le si\u00e8ge social est situ\u00e9 au 147-151 Avenue de France 75013,\u00a0Paris, France (ci-apr\u00e8s d\u00e9sign\u00e9e \u00ab CNM \u00bb). Directeur de publication\u00a0: Monsieur Jean-Philippe [&hellip;]","og_url":"https:\/\/whatthefrance.org\/fr\/mentions-legales\/","og_site_name":"What the France","article_modified_time":"2023-08-31T09:21:03+00:00","og_image":[{"width":192,"height":192,"url":"https:\/\/whatthefrance.org\/wp-content\/uploads\/2018\/10\/192-1.png","type":"image\/png"}],"twitter_card":"summary_large_image","twitter_misc":{"Dur\u00e9e de lecture estim\u00e9e":"7 minutes"},"schema":{"@context":"https:\/\/schema.org","@graph":[{"@type":"WebPage","@id":"https:\/\/whatthefrance.org\/fr\/mentions-legales\/","url":"https:\/\/whatthefrance.org\/fr\/mentions-legales\/","name":"Mentions L\u00e9gales - What the France","isPartOf":{"@id":"https:\/\/whatthefrance.org\/fr\/#website"},"datePublished":"2018-10-08T14:55:17+00:00","dateModified":"2023-08-31T09:21:03+00:00","breadcrumb":{"@id":"https:\/\/whatthefrance.org\/fr\/mentions-legales\/#breadcrumb"},"inLanguage":"fr-FR","potentialAction":[{"@type":"ReadAction","target":["https:\/\/whatthefrance.org\/fr\/mentions-legales\/"]}]},{"@type":"BreadcrumbList","@id":"https:\/\/whatthefrance.org\/fr\/mentions-legales\/#breadcrumb","itemListElement":[{"@type":"ListItem","position":1,"name":"Home","item":"https:\/\/whatthefrance.org\/fr\/"},{"@type":"ListItem","position":2,"name":"Mentions L\u00e9gales"}]},{"@type":"WebSite","@id":"https:\/\/whatthefrance.org\/fr\/#website","url":"https:\/\/whatthefrance.org\/fr\/","name":"What the France","description":"The finest music made in France !","publisher":{"@id":"https:\/\/whatthefrance.org\/fr\/#organization"},"potentialAction":[{"@type":"SearchAction","target":{"@type":"EntryPoint","urlTemplate":"https:\/\/whatthefrance.org\/fr\/?s={search_term_string}"},"query-input":{"@type":"PropertyValueSpecification","valueRequired":true,"valueName":"search_term_string"}}],"inLanguage":"fr-FR"},{"@type":"Organization","@id":"https:\/\/whatthefrance.org\/fr\/#organization","name":"What The France","url":"https:\/\/whatthefrance.org\/fr\/","logo":{"@type":"ImageObject","inLanguage":"fr-FR","@id":"https:\/\/whatthefrance.org\/fr\/#\/schema\/logo\/image\/","url":"https:\/\/whatthefrance.org\/wp-content\/uploads\/2019\/12\/44688719_2251580388408837_694180218134331392_n-e1577679609190.png","contentUrl":"https:\/\/whatthefrance.org\/wp-content\/uploads\/2019\/12\/44688719_2251580388408837_694180218134331392_n-e1577679609190.png","width":200,"height":200,"caption":"What The France"},"image":{"@id":"https:\/\/whatthefrance.org\/fr\/#\/schema\/logo\/image\/"}}]}},"_links":{"self":[{"href":"https:\/\/whatthefrance.org\/fr\/wp-json\/wp\/v2\/pages\/199","targetHints":{"allow":["GET"]}}],"collection":[{"href":"https:\/\/whatthefrance.org\/fr\/wp-json\/wp\/v2\/pages"}],"about":[{"href":"https:\/\/whatthefrance.org\/fr\/wp-json\/wp\/v2\/types\/page"}],"author":[{"embeddable":true,"href":"https:\/\/whatthefrance.org\/fr\/wp-json\/wp\/v2\/users\/1"}],"replies":[{"embeddable":true,"href":"https:\/\/whatthefrance.org\/fr\/wp-json\/wp\/v2\/comments?post=199"}],"version-history":[{"count":15,"href":"https:\/\/whatthefrance.org\/fr\/wp-json\/wp\/v2\/pages\/199\/revisions"}],"predecessor-version":[{"id":60517,"href":"https:\/\/whatthefrance.org\/fr\/wp-json\/wp\/v2\/pages\/199\/revisions\/60517"}],"wp:attachment":[{"href":"https:\/\/whatthefrance.org\/fr\/wp-json\/wp\/v2\/media?parent=199"}],"curies":[{"name":"wp","href":"https:\/\/api.w.org\/{rel}","templated":true}]}}