{"id":2,"date":"2018-10-02T16:24:52","date_gmt":"2018-10-02T14:24:52","guid":{"rendered":"https:\/\/whatthefrance.org?page_id=2"},"modified":"2026-04-14T16:23:21","modified_gmt":"2026-04-14T14:23:21","slug":"accueil","status":"publish","type":"page","link":"https:\/\/whatthefrance.org\/fr\/","title":{"rendered":"Accueil"},"content":{"rendered":"<h1>A classical voyage with\u2026 Tanguy de Williencourt<\/h1>\n","protected":false},"excerpt":{"rendered":"<p>A classical voyage with\u2026 Tanguy de Williencourt<\/p>\n","protected":false},"author":1,"featured_media":0,"parent":0,"menu_order":0,"comment_status":"closed","ping_status":"closed","template":"","meta":{"_acf_changed":false,"footnotes":""},"class_list":["post-2","page","type-page","status-publish","hentry"],"acf":[],"yoast_head":"<!-- This site is optimized with the Yoast SEO plugin v27.3 - https:\/\/yoast.com\/product\/yoast-seo-wordpress\/ -->\n<title>What the France - The finest music made in France !<\/title>\n<meta name=\"description\" content=\"What the France est la marque de recommandation du Bureau Export, cr\u00e9\u00e9e pour mettre en lumi\u00e8re la diversit\u00e9 de la musique produite en France. Avec le nouveau souffle donn\u00e9 par le streaming dans l\u2019\u00e9conomie musicale, Le Bureau Export a souhait\u00e9 d\u00e9velopper un outil sp\u00e9cifiquement adapt\u00e9 \u00e0 ces nouveaux modes de consommation de la musique. A travers un site d\u2019actualit\u00e9, des playlists et des \u00e9v\u00e9nements, What the France pr\u00e9sente l\u2019actualit\u00e9 musicale la plus excitante de la production fran\u00e7aise.\" \/>\n<meta name=\"robots\" content=\"index, follow, max-snippet:-1, max-image-preview:large, max-video-preview:-1\" \/>\n<link rel=\"canonical\" href=\"https:\/\/whatthefrance.org\/fr\/\" \/>\n<meta property=\"og:locale\" content=\"fr_FR\" \/>\n<meta property=\"og:type\" content=\"article\" \/>\n<meta property=\"og:title\" content=\"What the France - The finest music made in France\" \/>\n<meta property=\"og:description\" content=\"What The France est la marque de recommandation du Bureau Export, cr\u00e9\u00e9e pour mettre en lumi\u00e8re la diversit\u00e9 de la musique produite en France.\" \/>\n<meta property=\"og:url\" content=\"https:\/\/whatthefrance.org\/fr\/\" \/>\n<meta property=\"og:site_name\" content=\"What the France\" \/>\n<meta property=\"article:modified_time\" content=\"2026-04-14T14:23:21+00:00\" \/>\n<meta property=\"og:image\" content=\"https:\/\/whatthefrance.org\/wp-content\/uploads\/2019\/04\/banni\u00e8re-Facebook.png\" \/>\n\t<meta property=\"og:image:width\" content=\"1640\" \/>\n\t<meta property=\"og:image:height\" content=\"680\" \/>\n\t<meta property=\"og:image:type\" content=\"image\/png\" \/>\n<meta name=\"twitter:card\" content=\"summary_large_image\" \/>\n<meta name=\"twitter:title\" content=\"What the France - The finest music made in France\" \/>\n<meta name=\"twitter:description\" content=\"What The France est la marque de recommandation du Bureau Export, cr\u00e9\u00e9e pour mettre en lumi\u00e8re la diversit\u00e9 de la musique produite en France.\" \/>\n<meta name=\"twitter:image\" content=\"https:\/\/whatthefrance.org\/wp-content\/uploads\/2019\/04\/banni\u00e8re-Facebook.png\" \/>\n<meta name=\"twitter:label1\" content=\"Dur\u00e9e de lecture estim\u00e9e\" \/>\n\t<meta name=\"twitter:data1\" content=\"1 minute\" \/>\n<script type=\"application\/ld+json\" class=\"yoast-schema-graph\">{\"@context\":\"https:\\\/\\\/schema.org\",\"@graph\":[{\"@type\":\"WebPage\",\"@id\":\"https:\\\/\\\/whatthefrance.org\\\/fr\\\/\",\"url\":\"https:\\\/\\\/whatthefrance.org\\\/fr\\\/\",\"name\":\"What the France - The finest music made in France !\",\"isPartOf\":{\"@id\":\"https:\\\/\\\/whatthefrance.org\\\/fr\\\/#website\"},\"datePublished\":\"2018-10-02T14:24:52+00:00\",\"dateModified\":\"2026-04-14T14:23:21+00:00\",\"description\":\"What the France est la marque de recommandation du Bureau Export, cr\u00e9\u00e9e pour mettre en lumi\u00e8re la diversit\u00e9 de la musique produite en France. Avec le nouveau souffle donn\u00e9 par le streaming dans l\u2019\u00e9conomie musicale, Le Bureau Export a souhait\u00e9 d\u00e9velopper un outil sp\u00e9cifiquement adapt\u00e9 \u00e0 ces nouveaux modes de consommation de la musique. A travers un site d\u2019actualit\u00e9, des playlists et des \u00e9v\u00e9nements, What the France pr\u00e9sente l\u2019actualit\u00e9 musicale la plus excitante de la production fran\u00e7aise.\",\"breadcrumb\":{\"@id\":\"https:\\\/\\\/whatthefrance.org\\\/fr\\\/#breadcrumb\"},\"inLanguage\":\"fr-FR\",\"potentialAction\":[{\"@type\":\"ReadAction\",\"target\":[\"https:\\\/\\\/whatthefrance.org\\\/fr\\\/\"]}]},{\"@type\":\"BreadcrumbList\",\"@id\":\"https:\\\/\\\/whatthefrance.org\\\/fr\\\/#breadcrumb\",\"itemListElement\":[{\"@type\":\"ListItem\",\"position\":1,\"name\":\"Home\",\"item\":\"https:\\\/\\\/whatthefrance.org\\\/fr\\\/\"},{\"@type\":\"ListItem\",\"position\":2,\"name\":\"Accueil\"}]},{\"@type\":\"WebSite\",\"@id\":\"https:\\\/\\\/whatthefrance.org\\\/fr\\\/#website\",\"url\":\"https:\\\/\\\/whatthefrance.org\\\/fr\\\/\",\"name\":\"What the France\",\"description\":\"The finest music made in France !\",\"publisher\":{\"@id\":\"https:\\\/\\\/whatthefrance.org\\\/fr\\\/#organization\"},\"potentialAction\":[{\"@type\":\"SearchAction\",\"target\":{\"@type\":\"EntryPoint\",\"urlTemplate\":\"https:\\\/\\\/whatthefrance.org\\\/fr\\\/?s={search_term_string}\"},\"query-input\":{\"@type\":\"PropertyValueSpecification\",\"valueRequired\":true,\"valueName\":\"search_term_string\"}}],\"inLanguage\":\"fr-FR\"},{\"@type\":\"Organization\",\"@id\":\"https:\\\/\\\/whatthefrance.org\\\/fr\\\/#organization\",\"name\":\"What The France\",\"url\":\"https:\\\/\\\/whatthefrance.org\\\/fr\\\/\",\"logo\":{\"@type\":\"ImageObject\",\"inLanguage\":\"fr-FR\",\"@id\":\"https:\\\/\\\/whatthefrance.org\\\/fr\\\/#\\\/schema\\\/logo\\\/image\\\/\",\"url\":\"https:\\\/\\\/whatthefrance.org\\\/wp-content\\\/uploads\\\/2019\\\/12\\\/44688719_2251580388408837_694180218134331392_n-e1577679609190.png\",\"contentUrl\":\"https:\\\/\\\/whatthefrance.org\\\/wp-content\\\/uploads\\\/2019\\\/12\\\/44688719_2251580388408837_694180218134331392_n-e1577679609190.png\",\"width\":200,\"height\":200,\"caption\":\"What The France\"},\"image\":{\"@id\":\"https:\\\/\\\/whatthefrance.org\\\/fr\\\/#\\\/schema\\\/logo\\\/image\\\/\"}}]}<\/script>\n<!-- \/ Yoast SEO plugin. -->","yoast_head_json":{"title":"What the France - The finest music made in France !","description":"What the France est la marque de recommandation du Bureau Export, cr\u00e9\u00e9e pour mettre en lumi\u00e8re la diversit\u00e9 de la musique produite en France. Avec le nouveau souffle donn\u00e9 par le streaming dans l\u2019\u00e9conomie musicale, Le Bureau Export a souhait\u00e9 d\u00e9velopper un outil sp\u00e9cifiquement adapt\u00e9 \u00e0 ces nouveaux modes de consommation de la musique. A travers un site d\u2019actualit\u00e9, des playlists et des \u00e9v\u00e9nements, What the France pr\u00e9sente l\u2019actualit\u00e9 musicale la plus excitante de la production fran\u00e7aise.","robots":{"index":"index","follow":"follow","max-snippet":"max-snippet:-1","max-image-preview":"max-image-preview:large","max-video-preview":"max-video-preview:-1"},"canonical":"https:\/\/whatthefrance.org\/fr\/","og_locale":"fr_FR","og_type":"article","og_title":"What the France - The finest music made in France","og_description":"What The France est la marque de recommandation du Bureau Export, cr\u00e9\u00e9e pour mettre en lumi\u00e8re la diversit\u00e9 de la musique produite en France.","og_url":"https:\/\/whatthefrance.org\/fr\/","og_site_name":"What the France","article_modified_time":"2026-04-14T14:23:21+00:00","og_image":[{"width":1640,"height":680,"url":"https:\/\/whatthefrance.org\/wp-content\/uploads\/2019\/04\/banni\u00e8re-Facebook.png","type":"image\/png"}],"twitter_card":"summary_large_image","twitter_title":"What the France - The finest music made in France","twitter_description":"What The France est la marque de recommandation du Bureau Export, cr\u00e9\u00e9e pour mettre en lumi\u00e8re la diversit\u00e9 de la musique produite en France.","twitter_image":"https:\/\/whatthefrance.org\/wp-content\/uploads\/2019\/04\/banni\u00e8re-Facebook.png","twitter_misc":{"Dur\u00e9e de lecture estim\u00e9e":"1 minute"},"schema":{"@context":"https:\/\/schema.org","@graph":[{"@type":"WebPage","@id":"https:\/\/whatthefrance.org\/fr\/","url":"https:\/\/whatthefrance.org\/fr\/","name":"What the France - The finest music made in France !","isPartOf":{"@id":"https:\/\/whatthefrance.org\/fr\/#website"},"datePublished":"2018-10-02T14:24:52+00:00","dateModified":"2026-04-14T14:23:21+00:00","description":"What the France est la marque de recommandation du Bureau Export, cr\u00e9\u00e9e pour mettre en lumi\u00e8re la diversit\u00e9 de la musique produite en France. Avec le nouveau souffle donn\u00e9 par le streaming dans l\u2019\u00e9conomie musicale, Le Bureau Export a souhait\u00e9 d\u00e9velopper un outil sp\u00e9cifiquement adapt\u00e9 \u00e0 ces nouveaux modes de consommation de la musique. A travers un site d\u2019actualit\u00e9, des playlists et des \u00e9v\u00e9nements, What the France pr\u00e9sente l\u2019actualit\u00e9 musicale la plus excitante de la production fran\u00e7aise.","breadcrumb":{"@id":"https:\/\/whatthefrance.org\/fr\/#breadcrumb"},"inLanguage":"fr-FR","potentialAction":[{"@type":"ReadAction","target":["https:\/\/whatthefrance.org\/fr\/"]}]},{"@type":"BreadcrumbList","@id":"https:\/\/whatthefrance.org\/fr\/#breadcrumb","itemListElement":[{"@type":"ListItem","position":1,"name":"Home","item":"https:\/\/whatthefrance.org\/fr\/"},{"@type":"ListItem","position":2,"name":"Accueil"}]},{"@type":"WebSite","@id":"https:\/\/whatthefrance.org\/fr\/#website","url":"https:\/\/whatthefrance.org\/fr\/","name":"What the France","description":"The finest music made in France !","publisher":{"@id":"https:\/\/whatthefrance.org\/fr\/#organization"},"potentialAction":[{"@type":"SearchAction","target":{"@type":"EntryPoint","urlTemplate":"https:\/\/whatthefrance.org\/fr\/?s={search_term_string}"},"query-input":{"@type":"PropertyValueSpecification","valueRequired":true,"valueName":"search_term_string"}}],"inLanguage":"fr-FR"},{"@type":"Organization","@id":"https:\/\/whatthefrance.org\/fr\/#organization","name":"What The France","url":"https:\/\/whatthefrance.org\/fr\/","logo":{"@type":"ImageObject","inLanguage":"fr-FR","@id":"https:\/\/whatthefrance.org\/fr\/#\/schema\/logo\/image\/","url":"https:\/\/whatthefrance.org\/wp-content\/uploads\/2019\/12\/44688719_2251580388408837_694180218134331392_n-e1577679609190.png","contentUrl":"https:\/\/whatthefrance.org\/wp-content\/uploads\/2019\/12\/44688719_2251580388408837_694180218134331392_n-e1577679609190.png","width":200,"height":200,"caption":"What The France"},"image":{"@id":"https:\/\/whatthefrance.org\/fr\/#\/schema\/logo\/image\/"}}]}},"_links":{"self":[{"href":"https:\/\/whatthefrance.org\/fr\/wp-json\/wp\/v2\/pages\/2","targetHints":{"allow":["GET"]}}],"collection":[{"href":"https:\/\/whatthefrance.org\/fr\/wp-json\/wp\/v2\/pages"}],"about":[{"href":"https:\/\/whatthefrance.org\/fr\/wp-json\/wp\/v2\/types\/page"}],"author":[{"embeddable":true,"href":"https:\/\/whatthefrance.org\/fr\/wp-json\/wp\/v2\/users\/1"}],"replies":[{"embeddable":true,"href":"https:\/\/whatthefrance.org\/fr\/wp-json\/wp\/v2\/comments?post=2"}],"version-history":[{"count":241,"href":"https:\/\/whatthefrance.org\/fr\/wp-json\/wp\/v2\/pages\/2\/revisions"}],"predecessor-version":[{"id":76307,"href":"https:\/\/whatthefrance.org\/fr\/wp-json\/wp\/v2\/pages\/2\/revisions\/76307"}],"wp:attachment":[{"href":"https:\/\/whatthefrance.org\/fr\/wp-json\/wp\/v2\/media?parent=2"}],"curies":[{"name":"wp","href":"https:\/\/api.w.org\/{rel}","templated":true}]}}